{"id":21422,"date":"2023-10-31T10:44:05","date_gmt":"2023-10-31T10:44:05","guid":{"rendered":"https:\/\/tattini.dotstage.net\/prodotto\/pearson-creolin-ml-1000\/"},"modified":"2024-02-02T16:35:23","modified_gmt":"2024-02-02T16:35:23","slug":"pearson-creolin-ml-1000","status":"publish","type":"product","link":"https:\/\/tattini.dotstage.net\/fr\/produit\/pearson-creolin-ml-1000\/","title":{"rendered":"Creolin  Pearson ml. 1000"},"content":{"rendered":"","protected":false},"excerpt":{"rendered":"<p>D\u00e9sinfectant \u00e0\u00a0 usage civil et v\u00e9t\u00e9rinaire. Enregistrement du minist\u00e8re de la sant\u00e9 italien 148\/10. Dispositif m\u00e9dical chirurgical. A diluer dans l&rsquo;eau \u00e0\u00a0 3%.<\/p>\n","protected":false},"featured_media":17347,"template":"","meta":[],"product_cat":[819,810],"product_tag":[],"_links":{"self":[{"href":"https:\/\/tattini.dotstage.net\/fr\/wp-json\/wp\/v2\/product\/21422"}],"collection":[{"href":"https:\/\/tattini.dotstage.net\/fr\/wp-json\/wp\/v2\/product"}],"about":[{"href":"https:\/\/tattini.dotstage.net\/fr\/wp-json\/wp\/v2\/types\/product"}],"version-history":[{"count":0,"href":"https:\/\/tattini.dotstage.net\/fr\/wp-json\/wp\/v2\/product\/21422\/revisions"}],"wp:featuredmedia":[{"embeddable":true,"href":"https:\/\/tattini.dotstage.net\/fr\/wp-json\/wp\/v2\/media\/17347"}],"wp:attachment":[{"href":"https:\/\/tattini.dotstage.net\/fr\/wp-json\/wp\/v2\/media?parent=21422"}],"wp:term":[{"taxonomy":"product_cat","embeddable":true,"href":"https:\/\/tattini.dotstage.net\/fr\/wp-json\/wp\/v2\/product_cat?post=21422"},{"taxonomy":"product_tag","embeddable":true,"href":"https:\/\/tattini.dotstage.net\/fr\/wp-json\/wp\/v2\/product_tag?post=21422"}],"curies":[{"name":"wp","href":"https:\/\/api.w.org\/{rel}","templated":true}]}}