{"id":21404,"date":"2023-10-31T10:44:50","date_gmt":"2023-10-31T10:44:50","guid":{"rendered":"https:\/\/tattini.dotstage.net\/prodotto\/mallette-pour-bebe-daslo\/"},"modified":"2024-02-02T16:34:56","modified_gmt":"2024-02-02T16:34:56","slug":"mallette-de-pansage-enfant","status":"publish","type":"product","link":"https:\/\/tattini.dotstage.net\/fr\/produit\/mallette-de-pansage-enfant\/","title":{"rendered":"MALLETTE DE PANSAGE ENFANT"},"content":{"rendered":"","protected":false},"excerpt":{"rendered":"<p>Mallette \u00e0 outils pour enfants, en mati\u00e8re tr\u00e8s r\u00e9sistante, \u00e9quip\u00e9e d\u2019un bac coulissant pour garder tous les objets des petits cavaliers en ordre.<\/p>\n","protected":false},"featured_media":17569,"template":"","meta":[],"product_cat":[930,792,801],"product_tag":[],"_links":{"self":[{"href":"https:\/\/tattini.dotstage.net\/fr\/wp-json\/wp\/v2\/product\/21404"}],"collection":[{"href":"https:\/\/tattini.dotstage.net\/fr\/wp-json\/wp\/v2\/product"}],"about":[{"href":"https:\/\/tattini.dotstage.net\/fr\/wp-json\/wp\/v2\/types\/product"}],"version-history":[{"count":0,"href":"https:\/\/tattini.dotstage.net\/fr\/wp-json\/wp\/v2\/product\/21404\/revisions"}],"wp:featuredmedia":[{"embeddable":true,"href":"https:\/\/tattini.dotstage.net\/fr\/wp-json\/wp\/v2\/media\/17569"}],"wp:attachment":[{"href":"https:\/\/tattini.dotstage.net\/fr\/wp-json\/wp\/v2\/media?parent=21404"}],"wp:term":[{"taxonomy":"product_cat","embeddable":true,"href":"https:\/\/tattini.dotstage.net\/fr\/wp-json\/wp\/v2\/product_cat?post=21404"},{"taxonomy":"product_tag","embeddable":true,"href":"https:\/\/tattini.dotstage.net\/fr\/wp-json\/wp\/v2\/product_tag?post=21404"}],"curies":[{"name":"wp","href":"https:\/\/api.w.org\/{rel}","templated":true}]}}