{"id":21356,"date":"2023-10-31T10:44:05","date_gmt":"2023-10-31T10:44:05","guid":{"rendered":"https:\/\/tattini.dotstage.net\/prodotto\/sel-de-lhimalaya\/"},"modified":"2024-02-02T16:35:23","modified_gmt":"2024-02-02T16:35:23","slug":"sel-himalaya","status":"publish","type":"product","link":"https:\/\/tattini.dotstage.net\/fr\/produit\/sel-himalaya\/","title":{"rendered":"Sel himalaya"},"content":{"rendered":"","protected":false},"excerpt":{"rendered":"<p>Avec oligo-\u00e9l\u00e9ments d\u00e9pos\u00e9s par la s\u00e9dimentation marine il y a 150 millions d\u2019ann\u00e9es. Excellent comme int\u00e9grateur de sel pour le cheval. Poids 2 kilos. Lot de 8 pi\u00e8ces. Dur\u00e9e 5 ans.<\/p>\n","protected":false},"featured_media":17344,"template":"","meta":[],"product_cat":[819,810],"product_tag":[],"_links":{"self":[{"href":"https:\/\/tattini.dotstage.net\/fr\/wp-json\/wp\/v2\/product\/21356"}],"collection":[{"href":"https:\/\/tattini.dotstage.net\/fr\/wp-json\/wp\/v2\/product"}],"about":[{"href":"https:\/\/tattini.dotstage.net\/fr\/wp-json\/wp\/v2\/types\/product"}],"version-history":[{"count":0,"href":"https:\/\/tattini.dotstage.net\/fr\/wp-json\/wp\/v2\/product\/21356\/revisions"}],"wp:featuredmedia":[{"embeddable":true,"href":"https:\/\/tattini.dotstage.net\/fr\/wp-json\/wp\/v2\/media\/17344"}],"wp:attachment":[{"href":"https:\/\/tattini.dotstage.net\/fr\/wp-json\/wp\/v2\/media?parent=21356"}],"wp:term":[{"taxonomy":"product_cat","embeddable":true,"href":"https:\/\/tattini.dotstage.net\/fr\/wp-json\/wp\/v2\/product_cat?post=21356"},{"taxonomy":"product_tag","embeddable":true,"href":"https:\/\/tattini.dotstage.net\/fr\/wp-json\/wp\/v2\/product_tag?post=21356"}],"curies":[{"name":"wp","href":"https:\/\/api.w.org\/{rel}","templated":true}]}}