{"id":21305,"date":"2023-10-31T10:44:20","date_gmt":"2023-10-31T10:44:20","guid":{"rendered":"https:\/\/tattini.dotstage.net\/prodotto\/gants-en-cuir-synthetique-non-doubles-tattini\/"},"modified":"2024-02-02T16:35:00","modified_gmt":"2024-02-02T16:35:00","slug":"gants-tattini-sans-doublure-en-cuir-synthetique","status":"publish","type":"product","link":"https:\/\/tattini.dotstage.net\/fr\/produit\/gants-tattini-sans-doublure-en-cuir-synthetique\/","title":{"rendered":"Gants Tattini sans doublure en cuir synthetique"},"content":{"rendered":"","protected":false},"excerpt":{"rendered":"<p>En mat\u00e9riel technique, sans doublure. Tr\u00e8s souples, ils offrent un maximum de confort et de contact avec les r\u00eanes. Fermeture avec fixation auto-agrippante et renforcements pour les doigts.<\/p>\n","protected":false},"featured_media":17422,"template":"","meta":[],"product_cat":[828,843],"product_tag":[],"_links":{"self":[{"href":"https:\/\/tattini.dotstage.net\/fr\/wp-json\/wp\/v2\/product\/21305"}],"collection":[{"href":"https:\/\/tattini.dotstage.net\/fr\/wp-json\/wp\/v2\/product"}],"about":[{"href":"https:\/\/tattini.dotstage.net\/fr\/wp-json\/wp\/v2\/types\/product"}],"version-history":[{"count":0,"href":"https:\/\/tattini.dotstage.net\/fr\/wp-json\/wp\/v2\/product\/21305\/revisions"}],"wp:featuredmedia":[{"embeddable":true,"href":"https:\/\/tattini.dotstage.net\/fr\/wp-json\/wp\/v2\/media\/17422"}],"wp:attachment":[{"href":"https:\/\/tattini.dotstage.net\/fr\/wp-json\/wp\/v2\/media?parent=21305"}],"wp:term":[{"taxonomy":"product_cat","embeddable":true,"href":"https:\/\/tattini.dotstage.net\/fr\/wp-json\/wp\/v2\/product_cat?post=21305"},{"taxonomy":"product_tag","embeddable":true,"href":"https:\/\/tattini.dotstage.net\/fr\/wp-json\/wp\/v2\/product_tag?post=21305"}],"curies":[{"name":"wp","href":"https:\/\/api.w.org\/{rel}","templated":true}]}}