{"id":21300,"date":"2023-10-31T10:44:06","date_gmt":"2023-10-31T10:44:06","guid":{"rendered":"https:\/\/tattini.dotstage.net\/prodotto\/boite-anti-morsure-700ml\/"},"modified":"2024-02-02T16:35:23","modified_gmt":"2024-02-02T16:35:23","slug":"boite-anti-morsure-700ml","status":"publish","type":"product","link":"https:\/\/tattini.dotstage.net\/fr\/produit\/boite-anti-morsure-700ml\/","title":{"rendered":"Bo\u00eete anti-morsure 700ml."},"content":{"rendered":"","protected":false},"excerpt":{"rendered":"<p>Agent d&rsquo;impr\u00e9gnation pour le bois, agent de d\u00e9shabituation pour les chevaux, pour se d\u00e9barrasser de l&rsquo;habitude de mordre les boiseries dans les boxes<\/p>\n","protected":false},"featured_media":17353,"template":"","meta":[],"product_cat":[819,810],"product_tag":[],"_links":{"self":[{"href":"https:\/\/tattini.dotstage.net\/fr\/wp-json\/wp\/v2\/product\/21300"}],"collection":[{"href":"https:\/\/tattini.dotstage.net\/fr\/wp-json\/wp\/v2\/product"}],"about":[{"href":"https:\/\/tattini.dotstage.net\/fr\/wp-json\/wp\/v2\/types\/product"}],"version-history":[{"count":0,"href":"https:\/\/tattini.dotstage.net\/fr\/wp-json\/wp\/v2\/product\/21300\/revisions"}],"wp:featuredmedia":[{"embeddable":true,"href":"https:\/\/tattini.dotstage.net\/fr\/wp-json\/wp\/v2\/media\/17353"}],"wp:attachment":[{"href":"https:\/\/tattini.dotstage.net\/fr\/wp-json\/wp\/v2\/media?parent=21300"}],"wp:term":[{"taxonomy":"product_cat","embeddable":true,"href":"https:\/\/tattini.dotstage.net\/fr\/wp-json\/wp\/v2\/product_cat?post=21300"},{"taxonomy":"product_tag","embeddable":true,"href":"https:\/\/tattini.dotstage.net\/fr\/wp-json\/wp\/v2\/product_tag?post=21300"}],"curies":[{"name":"wp","href":"https:\/\/api.w.org\/{rel}","templated":true}]}}