{"id":21275,"date":"2023-10-31T10:44:21","date_gmt":"2023-10-31T10:44:21","guid":{"rendered":"https:\/\/tattini.dotstage.net\/prodotto\/gants-adultes-daslo-magic\/"},"modified":"2024-02-02T16:35:00","modified_gmt":"2024-02-02T16:35:00","slug":"gants-daslo-magic-adulte","status":"publish","type":"product","link":"https:\/\/tattini.dotstage.net\/fr\/produit\/gants-daslo-magic-adulte\/","title":{"rendered":"Gants Dasl\u00f6 magic adulte"},"content":{"rendered":"","protected":false},"excerpt":{"rendered":"<p>Gants avec antid\u00e9rapant \u00e0 pois sur la paume.<\/p>\n","protected":false},"featured_media":17428,"template":"","meta":[],"product_cat":[828,843],"product_tag":[],"_links":{"self":[{"href":"https:\/\/tattini.dotstage.net\/fr\/wp-json\/wp\/v2\/product\/21275"}],"collection":[{"href":"https:\/\/tattini.dotstage.net\/fr\/wp-json\/wp\/v2\/product"}],"about":[{"href":"https:\/\/tattini.dotstage.net\/fr\/wp-json\/wp\/v2\/types\/product"}],"version-history":[{"count":0,"href":"https:\/\/tattini.dotstage.net\/fr\/wp-json\/wp\/v2\/product\/21275\/revisions"}],"wp:featuredmedia":[{"embeddable":true,"href":"https:\/\/tattini.dotstage.net\/fr\/wp-json\/wp\/v2\/media\/17428"}],"wp:attachment":[{"href":"https:\/\/tattini.dotstage.net\/fr\/wp-json\/wp\/v2\/media?parent=21275"}],"wp:term":[{"taxonomy":"product_cat","embeddable":true,"href":"https:\/\/tattini.dotstage.net\/fr\/wp-json\/wp\/v2\/product_cat?post=21275"},{"taxonomy":"product_tag","embeddable":true,"href":"https:\/\/tattini.dotstage.net\/fr\/wp-json\/wp\/v2\/product_tag?post=21275"}],"curies":[{"name":"wp","href":"https:\/\/api.w.org\/{rel}","templated":true}]}}