{"id":21270,"date":"2023-10-31T10:44:06","date_gmt":"2023-10-31T10:44:06","guid":{"rendered":"https:\/\/tattini.dotstage.net\/prodotto\/pearson-creolin-pret-a-lemploi\/"},"modified":"2024-02-02T16:35:23","modified_gmt":"2024-02-02T16:35:23","slug":"pearson-creolin-pret-a-lemploi","status":"publish","type":"product","link":"https:\/\/tattini.dotstage.net\/fr\/produit\/pearson-creolin-pret-a-lemploi\/","title":{"rendered":"Creolin Pearson pr\u00eat \u00e0\u00a0 l&#8217;emploi"},"content":{"rendered":"","protected":false},"excerpt":{"rendered":"<p>D\u00e9sinfectant \u00e0\u00a0 usage civil et v\u00e9t\u00e9rinaire. Enregistrement 20094 du minist\u00e8re de la sant\u00e9 italien. Dispositif m\u00e9dical chirurgical.<\/p>\n","protected":false},"featured_media":17350,"template":"","meta":[],"product_cat":[819,810],"product_tag":[],"_links":{"self":[{"href":"https:\/\/tattini.dotstage.net\/fr\/wp-json\/wp\/v2\/product\/21270"}],"collection":[{"href":"https:\/\/tattini.dotstage.net\/fr\/wp-json\/wp\/v2\/product"}],"about":[{"href":"https:\/\/tattini.dotstage.net\/fr\/wp-json\/wp\/v2\/types\/product"}],"version-history":[{"count":0,"href":"https:\/\/tattini.dotstage.net\/fr\/wp-json\/wp\/v2\/product\/21270\/revisions"}],"wp:featuredmedia":[{"embeddable":true,"href":"https:\/\/tattini.dotstage.net\/fr\/wp-json\/wp\/v2\/media\/17350"}],"wp:attachment":[{"href":"https:\/\/tattini.dotstage.net\/fr\/wp-json\/wp\/v2\/media?parent=21270"}],"wp:term":[{"taxonomy":"product_cat","embeddable":true,"href":"https:\/\/tattini.dotstage.net\/fr\/wp-json\/wp\/v2\/product_cat?post=21270"},{"taxonomy":"product_tag","embeddable":true,"href":"https:\/\/tattini.dotstage.net\/fr\/wp-json\/wp\/v2\/product_tag?post=21270"}],"curies":[{"name":"wp","href":"https:\/\/api.w.org\/{rel}","templated":true}]}}