{"id":21234,"date":"2023-10-31T10:44:22","date_gmt":"2023-10-31T10:44:22","guid":{"rendered":"https:\/\/tattini.dotstage.net\/prodotto\/gants-unisexes-en-polaire-tattini\/"},"modified":"2024-02-02T16:35:00","modified_gmt":"2024-02-02T16:35:00","slug":"gants-tattini-en-polaire","status":"publish","type":"product","link":"https:\/\/tattini.dotstage.net\/fr\/produit\/gants-tattini-en-polaire\/","title":{"rendered":"Gants Tattini en polaire"},"content":{"rendered":"","protected":false},"excerpt":{"rendered":"<p>En chaud et doux polaire anti-pilling pour l\u2019hiver, pourvus de renforcements et de protection en tissu su\u00e9d\u00e9 synth\u00e9tique, antiglisse et anti-usure.<\/p>\n","protected":false},"featured_media":17434,"template":"","meta":[],"product_cat":[828,843],"product_tag":[],"_links":{"self":[{"href":"https:\/\/tattini.dotstage.net\/fr\/wp-json\/wp\/v2\/product\/21234"}],"collection":[{"href":"https:\/\/tattini.dotstage.net\/fr\/wp-json\/wp\/v2\/product"}],"about":[{"href":"https:\/\/tattini.dotstage.net\/fr\/wp-json\/wp\/v2\/types\/product"}],"version-history":[{"count":0,"href":"https:\/\/tattini.dotstage.net\/fr\/wp-json\/wp\/v2\/product\/21234\/revisions"}],"wp:featuredmedia":[{"embeddable":true,"href":"https:\/\/tattini.dotstage.net\/fr\/wp-json\/wp\/v2\/media\/17434"}],"wp:attachment":[{"href":"https:\/\/tattini.dotstage.net\/fr\/wp-json\/wp\/v2\/media?parent=21234"}],"wp:term":[{"taxonomy":"product_cat","embeddable":true,"href":"https:\/\/tattini.dotstage.net\/fr\/wp-json\/wp\/v2\/product_cat?post=21234"},{"taxonomy":"product_tag","embeddable":true,"href":"https:\/\/tattini.dotstage.net\/fr\/wp-json\/wp\/v2\/product_tag?post=21234"}],"curies":[{"name":"wp","href":"https:\/\/api.w.org\/{rel}","templated":true}]}}