{"id":21122,"date":"2023-10-31T10:44:37","date_gmt":"2023-10-31T10:44:37","guid":{"rendered":"https:\/\/tattini.dotstage.net\/prodotto\/joint-detancheite\/"},"modified":"2024-02-02T16:34:57","modified_gmt":"2024-02-02T16:34:57","slug":"joint","status":"publish","type":"product","link":"https:\/\/tattini.dotstage.net\/fr\/produit\/joint\/","title":{"rendered":"Joint"},"content":{"rendered":"","protected":false},"excerpt":{"rendered":"<p>Joint int\u00e9rieur et ext\u00e9rieur pour abreuvoir automatique \u00e0 pression.<\/p>\n","protected":false},"featured_media":17509,"template":"","meta":[],"product_cat":[789,930],"product_tag":[],"_links":{"self":[{"href":"https:\/\/tattini.dotstage.net\/fr\/wp-json\/wp\/v2\/product\/21122"}],"collection":[{"href":"https:\/\/tattini.dotstage.net\/fr\/wp-json\/wp\/v2\/product"}],"about":[{"href":"https:\/\/tattini.dotstage.net\/fr\/wp-json\/wp\/v2\/types\/product"}],"version-history":[{"count":0,"href":"https:\/\/tattini.dotstage.net\/fr\/wp-json\/wp\/v2\/product\/21122\/revisions"}],"wp:featuredmedia":[{"embeddable":true,"href":"https:\/\/tattini.dotstage.net\/fr\/wp-json\/wp\/v2\/media\/17509"}],"wp:attachment":[{"href":"https:\/\/tattini.dotstage.net\/fr\/wp-json\/wp\/v2\/media?parent=21122"}],"wp:term":[{"taxonomy":"product_cat","embeddable":true,"href":"https:\/\/tattini.dotstage.net\/fr\/wp-json\/wp\/v2\/product_cat?post=21122"},{"taxonomy":"product_tag","embeddable":true,"href":"https:\/\/tattini.dotstage.net\/fr\/wp-json\/wp\/v2\/product_tag?post=21122"}],"curies":[{"name":"wp","href":"https:\/\/api.w.org\/{rel}","templated":true}]}}