{"id":21081,"date":"2023-10-31T10:44:54","date_gmt":"2023-10-31T10:44:54","guid":{"rendered":"https:\/\/tattini.dotstage.net\/prodotto\/pile-alcaline-daslo\/"},"modified":"2024-02-02T16:34:55","modified_gmt":"2024-02-02T16:34:55","slug":"batterie-alcaline-daslo","status":"publish","type":"product","link":"https:\/\/tattini.dotstage.net\/fr\/produit\/batterie-alcaline-daslo\/","title":{"rendered":"Batterie alcaline Dasl\u00f6"},"content":{"rendered":"","protected":false},"excerpt":{"rendered":"<p>9V.365Wh. Dur\u00e9e prolong\u00e9e et meilleure constance du voltage par rapport \u00e0 une batterie saline, moins encombrante.<\/p>\n","protected":false},"featured_media":17590,"template":"","meta":[],"product_cat":[804,930],"product_tag":[],"_links":{"self":[{"href":"https:\/\/tattini.dotstage.net\/fr\/wp-json\/wp\/v2\/product\/21081"}],"collection":[{"href":"https:\/\/tattini.dotstage.net\/fr\/wp-json\/wp\/v2\/product"}],"about":[{"href":"https:\/\/tattini.dotstage.net\/fr\/wp-json\/wp\/v2\/types\/product"}],"version-history":[{"count":0,"href":"https:\/\/tattini.dotstage.net\/fr\/wp-json\/wp\/v2\/product\/21081\/revisions"}],"wp:featuredmedia":[{"embeddable":true,"href":"https:\/\/tattini.dotstage.net\/fr\/wp-json\/wp\/v2\/media\/17590"}],"wp:attachment":[{"href":"https:\/\/tattini.dotstage.net\/fr\/wp-json\/wp\/v2\/media?parent=21081"}],"wp:term":[{"taxonomy":"product_cat","embeddable":true,"href":"https:\/\/tattini.dotstage.net\/fr\/wp-json\/wp\/v2\/product_cat?post=21081"},{"taxonomy":"product_tag","embeddable":true,"href":"https:\/\/tattini.dotstage.net\/fr\/wp-json\/wp\/v2\/product_tag?post=21081"}],"curies":[{"name":"wp","href":"https:\/\/api.w.org\/{rel}","templated":true}]}}