{"id":20935,"date":"2023-10-31T10:44:11","date_gmt":"2023-10-31T10:44:11","guid":{"rendered":"https:\/\/tattini.dotstage.net\/prodotto\/sous-couche-daslo-60x40\/"},"modified":"2024-02-02T16:35:02","modified_gmt":"2024-02-02T16:35:02","slug":"sousbande-daslo-surpiquee-4-pieces-60x40","status":"publish","type":"product","link":"https:\/\/tattini.dotstage.net\/fr\/produit\/sousbande-daslo-surpiquee-4-pieces-60x40\/","title":{"rendered":"Sousbande Dasl\u00f6 surpiquee 4 pieces 60&#215;40"},"content":{"rendered":"","protected":false},"excerpt":{"rendered":"<p>Surpiqu\u00e9, matelass\u00e9 en polyfill 400 gr. Lot de 4 pcs<\/p>\n","protected":false},"featured_media":17371,"template":"","meta":[],"product_cat":[870,861],"product_tag":[],"_links":{"self":[{"href":"https:\/\/tattini.dotstage.net\/fr\/wp-json\/wp\/v2\/product\/20935"}],"collection":[{"href":"https:\/\/tattini.dotstage.net\/fr\/wp-json\/wp\/v2\/product"}],"about":[{"href":"https:\/\/tattini.dotstage.net\/fr\/wp-json\/wp\/v2\/types\/product"}],"version-history":[{"count":0,"href":"https:\/\/tattini.dotstage.net\/fr\/wp-json\/wp\/v2\/product\/20935\/revisions"}],"wp:featuredmedia":[{"embeddable":true,"href":"https:\/\/tattini.dotstage.net\/fr\/wp-json\/wp\/v2\/media\/17371"}],"wp:attachment":[{"href":"https:\/\/tattini.dotstage.net\/fr\/wp-json\/wp\/v2\/media?parent=20935"}],"wp:term":[{"taxonomy":"product_cat","embeddable":true,"href":"https:\/\/tattini.dotstage.net\/fr\/wp-json\/wp\/v2\/product_cat?post=20935"},{"taxonomy":"product_tag","embeddable":true,"href":"https:\/\/tattini.dotstage.net\/fr\/wp-json\/wp\/v2\/product_tag?post=20935"}],"curies":[{"name":"wp","href":"https:\/\/api.w.org\/{rel}","templated":true}]}}