{"id":20912,"date":"2023-10-31T10:44:27","date_gmt":"2023-10-31T10:44:27","guid":{"rendered":"https:\/\/tattini.dotstage.net\/prodotto\/alimentateur-portable\/"},"modified":"2024-02-02T16:34:59","modified_gmt":"2024-02-02T16:34:59","slug":"mangeoire-portable-de-concours","status":"publish","type":"product","link":"https:\/\/tattini.dotstage.net\/fr\/produit\/mangeoire-portable-de-concours\/","title":{"rendered":"Mangeoire portable de concours"},"content":{"rendered":"","protected":false},"excerpt":{"rendered":"<p>En plastique tr\u00e8s r\u00e9sistante avec crochets et poign\u00e9e. Cet article peut aussi contenir des liquides. Made in Italy.<\/p>\n","protected":false},"featured_media":17455,"template":"","meta":[],"product_cat":[798,930],"product_tag":[],"_links":{"self":[{"href":"https:\/\/tattini.dotstage.net\/fr\/wp-json\/wp\/v2\/product\/20912"}],"collection":[{"href":"https:\/\/tattini.dotstage.net\/fr\/wp-json\/wp\/v2\/product"}],"about":[{"href":"https:\/\/tattini.dotstage.net\/fr\/wp-json\/wp\/v2\/types\/product"}],"version-history":[{"count":0,"href":"https:\/\/tattini.dotstage.net\/fr\/wp-json\/wp\/v2\/product\/20912\/revisions"}],"wp:featuredmedia":[{"embeddable":true,"href":"https:\/\/tattini.dotstage.net\/fr\/wp-json\/wp\/v2\/media\/17455"}],"wp:attachment":[{"href":"https:\/\/tattini.dotstage.net\/fr\/wp-json\/wp\/v2\/media?parent=20912"}],"wp:term":[{"taxonomy":"product_cat","embeddable":true,"href":"https:\/\/tattini.dotstage.net\/fr\/wp-json\/wp\/v2\/product_cat?post=20912"},{"taxonomy":"product_tag","embeddable":true,"href":"https:\/\/tattini.dotstage.net\/fr\/wp-json\/wp\/v2\/product_tag?post=20912"}],"curies":[{"name":"wp","href":"https:\/\/api.w.org\/{rel}","templated":true}]}}