{"id":20902,"date":"2023-10-31T10:44:12","date_gmt":"2023-10-31T10:44:12","guid":{"rendered":"https:\/\/tattini.dotstage.net\/prodotto\/elastiques-pour-crinieres\/"},"modified":"2024-02-02T16:35:02","modified_gmt":"2024-02-02T16:35:02","slug":"elastiques-pour-crinieres","status":"publish","type":"product","link":"https:\/\/tattini.dotstage.net\/fr\/produit\/elastiques-pour-crinieres\/","title":{"rendered":"Elastiques pour crini\u00e8res"},"content":{"rendered":"","protected":false},"excerpt":{"rendered":"<p>Fabriqu\u00e9 en silicone, vendu dans un pratique r\u00e9cipient en plastique<\/p>\n","protected":false},"featured_media":17380,"template":"","meta":[],"product_cat":[822,810],"product_tag":[],"_links":{"self":[{"href":"https:\/\/tattini.dotstage.net\/fr\/wp-json\/wp\/v2\/product\/20902"}],"collection":[{"href":"https:\/\/tattini.dotstage.net\/fr\/wp-json\/wp\/v2\/product"}],"about":[{"href":"https:\/\/tattini.dotstage.net\/fr\/wp-json\/wp\/v2\/types\/product"}],"version-history":[{"count":0,"href":"https:\/\/tattini.dotstage.net\/fr\/wp-json\/wp\/v2\/product\/20902\/revisions"}],"wp:featuredmedia":[{"embeddable":true,"href":"https:\/\/tattini.dotstage.net\/fr\/wp-json\/wp\/v2\/media\/17380"}],"wp:attachment":[{"href":"https:\/\/tattini.dotstage.net\/fr\/wp-json\/wp\/v2\/media?parent=20902"}],"wp:term":[{"taxonomy":"product_cat","embeddable":true,"href":"https:\/\/tattini.dotstage.net\/fr\/wp-json\/wp\/v2\/product_cat?post=20902"},{"taxonomy":"product_tag","embeddable":true,"href":"https:\/\/tattini.dotstage.net\/fr\/wp-json\/wp\/v2\/product_tag?post=20902"}],"curies":[{"name":"wp","href":"https:\/\/api.w.org\/{rel}","templated":true}]}}