{"id":20899,"date":"2023-10-31T10:44:57","date_gmt":"2023-10-31T10:44:57","guid":{"rendered":"https:\/\/tattini.dotstage.net\/prodotto\/electrificateur-daslo-gold\/"},"modified":"2024-02-02T16:34:55","modified_gmt":"2024-02-02T16:34:55","slug":"cloture-electrique-daslo-gold-2","status":"publish","type":"product","link":"https:\/\/tattini.dotstage.net\/fr\/produit\/cloture-electrique-daslo-gold-2\/","title":{"rendered":"Cl\u00f4ture \u00e9lectrique Dasl\u00f6 gold"},"content":{"rendered":"","protected":false},"excerpt":{"rendered":"<p>Double alimentation 12-230V. D\u00e9charge sur la ligne 0,4 joule. Fourni avec pancarte de signalisation, fil de connexion et bo\u00eete d\u2019alimentation 230V.<\/p>\n","protected":false},"featured_media":17611,"template":"","meta":[],"product_cat":[804,930],"product_tag":[],"_links":{"self":[{"href":"https:\/\/tattini.dotstage.net\/fr\/wp-json\/wp\/v2\/product\/20899"}],"collection":[{"href":"https:\/\/tattini.dotstage.net\/fr\/wp-json\/wp\/v2\/product"}],"about":[{"href":"https:\/\/tattini.dotstage.net\/fr\/wp-json\/wp\/v2\/types\/product"}],"version-history":[{"count":0,"href":"https:\/\/tattini.dotstage.net\/fr\/wp-json\/wp\/v2\/product\/20899\/revisions"}],"wp:featuredmedia":[{"embeddable":true,"href":"https:\/\/tattini.dotstage.net\/fr\/wp-json\/wp\/v2\/media\/17611"}],"wp:attachment":[{"href":"https:\/\/tattini.dotstage.net\/fr\/wp-json\/wp\/v2\/media?parent=20899"}],"wp:term":[{"taxonomy":"product_cat","embeddable":true,"href":"https:\/\/tattini.dotstage.net\/fr\/wp-json\/wp\/v2\/product_cat?post=20899"},{"taxonomy":"product_tag","embeddable":true,"href":"https:\/\/tattini.dotstage.net\/fr\/wp-json\/wp\/v2\/product_tag?post=20899"}],"curies":[{"name":"wp","href":"https:\/\/api.w.org\/{rel}","templated":true}]}}