{"id":20849,"date":"2023-10-31T10:44:58","date_gmt":"2023-10-31T10:44:58","guid":{"rendered":"https:\/\/tattini.dotstage.net\/prodotto\/isolateur-a-anneau\/"},"modified":"2024-02-02T16:34:55","modified_gmt":"2024-02-02T16:34:55","slug":"isolatueur-tire-fond","status":"publish","type":"product","link":"https:\/\/tattini.dotstage.net\/fr\/produit\/isolatueur-tire-fond\/","title":{"rendered":"Isolatueur tire-fond"},"content":{"rendered":"","protected":false},"excerpt":{"rendered":"<p>Int\u00e9rieur en m\u00e9tal, vis en bois. Lot de 25 pi\u00e8ces. Prix d&rsquo;achat \u00e0 l&rsquo;unit\u00e9, minimum de cde 25 pi\u00e8ces<\/p>\n","protected":false},"featured_media":17617,"template":"","meta":[],"product_cat":[804,930],"product_tag":[],"_links":{"self":[{"href":"https:\/\/tattini.dotstage.net\/fr\/wp-json\/wp\/v2\/product\/20849"}],"collection":[{"href":"https:\/\/tattini.dotstage.net\/fr\/wp-json\/wp\/v2\/product"}],"about":[{"href":"https:\/\/tattini.dotstage.net\/fr\/wp-json\/wp\/v2\/types\/product"}],"version-history":[{"count":0,"href":"https:\/\/tattini.dotstage.net\/fr\/wp-json\/wp\/v2\/product\/20849\/revisions"}],"wp:featuredmedia":[{"embeddable":true,"href":"https:\/\/tattini.dotstage.net\/fr\/wp-json\/wp\/v2\/media\/17617"}],"wp:attachment":[{"href":"https:\/\/tattini.dotstage.net\/fr\/wp-json\/wp\/v2\/media?parent=20849"}],"wp:term":[{"taxonomy":"product_cat","embeddable":true,"href":"https:\/\/tattini.dotstage.net\/fr\/wp-json\/wp\/v2\/product_cat?post=20849"},{"taxonomy":"product_tag","embeddable":true,"href":"https:\/\/tattini.dotstage.net\/fr\/wp-json\/wp\/v2\/product_tag?post=20849"}],"curies":[{"name":"wp","href":"https:\/\/api.w.org\/{rel}","templated":true}]}}