{"id":20843,"date":"2023-10-31T10:44:28","date_gmt":"2023-10-31T10:44:28","guid":{"rendered":"https:\/\/tattini.dotstage.net\/prodotto\/alimentateur-dangle\/"},"modified":"2024-02-02T16:34:59","modified_gmt":"2024-02-02T16:34:59","slug":"mangeoire-angulaire-renforcee-en-fer","status":"publish","type":"product","link":"https:\/\/tattini.dotstage.net\/fr\/produit\/mangeoire-angulaire-renforcee-en-fer\/","title":{"rendered":"Mangeoire angulaire renforcee en fer"},"content":{"rendered":"","protected":false},"excerpt":{"rendered":"<p>En plastique tr\u00e8s r\u00e9sistante avec support tubulaire en m\u00e9tal galvanis\u00e9, \u00e9quip\u00e9e avec bouchon pour le vidange. Made in italy.<\/p>\n","protected":false},"featured_media":17458,"template":"","meta":[],"product_cat":[798,930],"product_tag":[],"_links":{"self":[{"href":"https:\/\/tattini.dotstage.net\/fr\/wp-json\/wp\/v2\/product\/20843"}],"collection":[{"href":"https:\/\/tattini.dotstage.net\/fr\/wp-json\/wp\/v2\/product"}],"about":[{"href":"https:\/\/tattini.dotstage.net\/fr\/wp-json\/wp\/v2\/types\/product"}],"version-history":[{"count":0,"href":"https:\/\/tattini.dotstage.net\/fr\/wp-json\/wp\/v2\/product\/20843\/revisions"}],"wp:featuredmedia":[{"embeddable":true,"href":"https:\/\/tattini.dotstage.net\/fr\/wp-json\/wp\/v2\/media\/17458"}],"wp:attachment":[{"href":"https:\/\/tattini.dotstage.net\/fr\/wp-json\/wp\/v2\/media?parent=20843"}],"wp:term":[{"taxonomy":"product_cat","embeddable":true,"href":"https:\/\/tattini.dotstage.net\/fr\/wp-json\/wp\/v2\/product_cat?post=20843"},{"taxonomy":"product_tag","embeddable":true,"href":"https:\/\/tattini.dotstage.net\/fr\/wp-json\/wp\/v2\/product_tag?post=20843"}],"curies":[{"name":"wp","href":"https:\/\/api.w.org\/{rel}","templated":true}]}}