{"id":20840,"date":"2023-10-31T10:44:14","date_gmt":"2023-10-31T10:44:14","guid":{"rendered":"https:\/\/tattini.dotstage.net\/prodotto\/tondeuse-liveryman-kare-pro-200-avec-batterie-externe-au-lithium\/"},"modified":"2024-02-02T16:35:02","modified_gmt":"2024-02-02T16:35:02","slug":"tondeuse-liveryman-kare-pro-200-avec-batterie-externe-au-lithium","status":"publish","type":"product","link":"https:\/\/tattini.dotstage.net\/fr\/produit\/tondeuse-liveryman-kare-pro-200-avec-batterie-externe-au-lithium\/","title":{"rendered":"Tondeuse Liveryman kare-pro 200 avec batterie externe au lithium"},"content":{"rendered":"","protected":false},"excerpt":{"rendered":"<p>4 heures d&rsquo;autonomie. Moteur \u00e0 induction sans balais innovant, silencieux et sans vibrations. 10 000 heures de fonctionnement sans probl\u00e8me, tr\u00e8s l\u00e9ger, vitesse variable. Peut fonctionner directement \u00e0 l&rsquo;\u00e9lectricit\u00e9 gr\u00e2ce au transformateur fourni. Fourni avec une mallette contenant de l&rsquo;huile et une brosse.<\/p>\n","protected":false},"featured_media":17389,"template":"","meta":[],"product_cat":[810,825],"product_tag":[],"_links":{"self":[{"href":"https:\/\/tattini.dotstage.net\/fr\/wp-json\/wp\/v2\/product\/20840"}],"collection":[{"href":"https:\/\/tattini.dotstage.net\/fr\/wp-json\/wp\/v2\/product"}],"about":[{"href":"https:\/\/tattini.dotstage.net\/fr\/wp-json\/wp\/v2\/types\/product"}],"version-history":[{"count":0,"href":"https:\/\/tattini.dotstage.net\/fr\/wp-json\/wp\/v2\/product\/20840\/revisions"}],"wp:featuredmedia":[{"embeddable":true,"href":"https:\/\/tattini.dotstage.net\/fr\/wp-json\/wp\/v2\/media\/17389"}],"wp:attachment":[{"href":"https:\/\/tattini.dotstage.net\/fr\/wp-json\/wp\/v2\/media?parent=20840"}],"wp:term":[{"taxonomy":"product_cat","embeddable":true,"href":"https:\/\/tattini.dotstage.net\/fr\/wp-json\/wp\/v2\/product_cat?post=20840"},{"taxonomy":"product_tag","embeddable":true,"href":"https:\/\/tattini.dotstage.net\/fr\/wp-json\/wp\/v2\/product_tag?post=20840"}],"curies":[{"name":"wp","href":"https:\/\/api.w.org\/{rel}","templated":true}]}}