{"id":20837,"date":"2023-10-31T10:44:58","date_gmt":"2023-10-31T10:44:58","guid":{"rendered":"https:\/\/tattini.dotstage.net\/prodotto\/electrateur-daslo-gold-2\/"},"modified":"2024-02-02T16:34:55","modified_gmt":"2024-02-02T16:34:55","slug":"cloture-electrique-daslo-gold","status":"publish","type":"product","link":"https:\/\/tattini.dotstage.net\/fr\/produit\/cloture-electrique-daslo-gold\/","title":{"rendered":"Cl\u00f4ture \u00e9lectrique Dasl\u00f6 gold"},"content":{"rendered":"","protected":false},"excerpt":{"rendered":"<p>Double alimentation 9-12-230V. D\u00e9charge sur la ligne 0,25 joule. Equip\u00e9e de bouton pour ajuster l\u2019intensit\u00e9 de l\u2019impulsion, fournie avec pancarte de signalisation, fil de connexion \u00e0 la batterie (A), fil de connexion cl\u00f4ture \u00e9lectrique\/ruban (B) et bo\u00eete d\u2019alimentation 230V. Possibilit\u00e9 de connexion au panneau solaire.<\/p>\n","protected":false},"featured_media":17614,"template":"","meta":[],"product_cat":[804,930],"product_tag":[],"_links":{"self":[{"href":"https:\/\/tattini.dotstage.net\/fr\/wp-json\/wp\/v2\/product\/20837"}],"collection":[{"href":"https:\/\/tattini.dotstage.net\/fr\/wp-json\/wp\/v2\/product"}],"about":[{"href":"https:\/\/tattini.dotstage.net\/fr\/wp-json\/wp\/v2\/types\/product"}],"version-history":[{"count":0,"href":"https:\/\/tattini.dotstage.net\/fr\/wp-json\/wp\/v2\/product\/20837\/revisions"}],"wp:featuredmedia":[{"embeddable":true,"href":"https:\/\/tattini.dotstage.net\/fr\/wp-json\/wp\/v2\/media\/17614"}],"wp:attachment":[{"href":"https:\/\/tattini.dotstage.net\/fr\/wp-json\/wp\/v2\/media?parent=20837"}],"wp:term":[{"taxonomy":"product_cat","embeddable":true,"href":"https:\/\/tattini.dotstage.net\/fr\/wp-json\/wp\/v2\/product_cat?post=20837"},{"taxonomy":"product_tag","embeddable":true,"href":"https:\/\/tattini.dotstage.net\/fr\/wp-json\/wp\/v2\/product_tag?post=20837"}],"curies":[{"name":"wp","href":"https:\/\/api.w.org\/{rel}","templated":true}]}}