{"id":20831,"date":"2023-10-31T10:44:29","date_gmt":"2023-10-31T10:44:29","guid":{"rendered":"https:\/\/tattini.dotstage.net\/prodotto\/huile-de-foie-de-morue-pearson-ml-1000\/"},"modified":"2024-02-02T16:34:59","modified_gmt":"2024-02-02T16:34:59","slug":"huile-de-foie-de-morue-pearson-ml-1000","status":"publish","type":"product","link":"https:\/\/tattini.dotstage.net\/fr\/produit\/huile-de-foie-de-morue-pearson-ml-1000\/","title":{"rendered":"Huile de foie de morue Pearson ml. 1000"},"content":{"rendered":"","protected":false},"excerpt":{"rendered":"<p>Huile de foie de morue v\u00e9t\u00e9rinaire pure, 100% mati\u00e8re grasse. vit. A, vit. D3. acidit\u00e9 <0.5%. Ne contient pas de conservateurs ni d'antioxydants.\n<\/p>\n","protected":false},"featured_media":17467,"template":"","meta":[],"product_cat":[813,810],"product_tag":[],"_links":{"self":[{"href":"https:\/\/tattini.dotstage.net\/fr\/wp-json\/wp\/v2\/product\/20831"}],"collection":[{"href":"https:\/\/tattini.dotstage.net\/fr\/wp-json\/wp\/v2\/product"}],"about":[{"href":"https:\/\/tattini.dotstage.net\/fr\/wp-json\/wp\/v2\/types\/product"}],"version-history":[{"count":0,"href":"https:\/\/tattini.dotstage.net\/fr\/wp-json\/wp\/v2\/product\/20831\/revisions"}],"wp:featuredmedia":[{"embeddable":true,"href":"https:\/\/tattini.dotstage.net\/fr\/wp-json\/wp\/v2\/media\/17467"}],"wp:attachment":[{"href":"https:\/\/tattini.dotstage.net\/fr\/wp-json\/wp\/v2\/media?parent=20831"}],"wp:term":[{"taxonomy":"product_cat","embeddable":true,"href":"https:\/\/tattini.dotstage.net\/fr\/wp-json\/wp\/v2\/product_cat?post=20831"},{"taxonomy":"product_tag","embeddable":true,"href":"https:\/\/tattini.dotstage.net\/fr\/wp-json\/wp\/v2\/product_tag?post=20831"}],"curies":[{"name":"wp","href":"https:\/\/api.w.org\/{rel}","templated":true}]}}