{"id":20790,"date":"2023-10-31T10:45:41","date_gmt":"2023-10-31T10:45:41","guid":{"rendered":"https:\/\/tattini.dotstage.net\/prodotto\/leggings-daslo-gold\/"},"modified":"2024-02-02T16:34:27","modified_gmt":"2024-02-02T16:34:27","slug":"nouvelle-mini-chaps-daslo-gold","status":"publish","type":"product","link":"https:\/\/tattini.dotstage.net\/fr\/produit\/nouvelle-mini-chaps-daslo-gold\/","title":{"rendered":"NOUVELLE MINI-CHAPS DASLO GOLD"},"content":{"rendered":"","protected":false},"excerpt":{"rendered":"<p>CUIR TR\u00c8S SOUPLE VESTIBILIT\u00c9 PARFAITE  \u00c9LASTIQUE DE HAUTE QUALIT\u00c9  PARFAITES SUR LES SNEAKERS TATTINI ADAPTABLES \u00c0 N\u2019IMPORTE QUELLES BOOTS <\/p>\n","protected":false},"featured_media":17851,"template":"","meta":[],"product_cat":[828,840],"product_tag":[],"_links":{"self":[{"href":"https:\/\/tattini.dotstage.net\/fr\/wp-json\/wp\/v2\/product\/20790"}],"collection":[{"href":"https:\/\/tattini.dotstage.net\/fr\/wp-json\/wp\/v2\/product"}],"about":[{"href":"https:\/\/tattini.dotstage.net\/fr\/wp-json\/wp\/v2\/types\/product"}],"version-history":[{"count":0,"href":"https:\/\/tattini.dotstage.net\/fr\/wp-json\/wp\/v2\/product\/20790\/revisions"}],"wp:featuredmedia":[{"embeddable":true,"href":"https:\/\/tattini.dotstage.net\/fr\/wp-json\/wp\/v2\/media\/17851"}],"wp:attachment":[{"href":"https:\/\/tattini.dotstage.net\/fr\/wp-json\/wp\/v2\/media?parent=20790"}],"wp:term":[{"taxonomy":"product_cat","embeddable":true,"href":"https:\/\/tattini.dotstage.net\/fr\/wp-json\/wp\/v2\/product_cat?post=20790"},{"taxonomy":"product_tag","embeddable":true,"href":"https:\/\/tattini.dotstage.net\/fr\/wp-json\/wp\/v2\/product_tag?post=20790"}],"curies":[{"name":"wp","href":"https:\/\/api.w.org\/{rel}","templated":true}]}}