{"id":20760,"date":"2023-10-31T10:44:59","date_gmt":"2023-10-31T10:44:59","guid":{"rendered":"https:\/\/tattini.dotstage.net\/prodotto\/isolateur-multifonctionnel\/"},"modified":"2024-02-02T16:34:55","modified_gmt":"2024-02-02T16:34:55","slug":"isolateur-multifonction","status":"publish","type":"product","link":"https:\/\/tattini.dotstage.net\/fr\/produit\/isolateur-multifonction\/","title":{"rendered":"Isolateur multifonction"},"content":{"rendered":"","protected":false},"excerpt":{"rendered":"<p>Pour corde ou ruban. Vis en bois. Lot de 25 pi\u00e8ces.Prix d&rsquo;achat \u00e0 l&rsquo;unit\u00e9, minimum de cde 25 pi\u00e8ces<\/p>\n","protected":false},"featured_media":17620,"template":"","meta":[],"product_cat":[804,930],"product_tag":[],"_links":{"self":[{"href":"https:\/\/tattini.dotstage.net\/fr\/wp-json\/wp\/v2\/product\/20760"}],"collection":[{"href":"https:\/\/tattini.dotstage.net\/fr\/wp-json\/wp\/v2\/product"}],"about":[{"href":"https:\/\/tattini.dotstage.net\/fr\/wp-json\/wp\/v2\/types\/product"}],"version-history":[{"count":0,"href":"https:\/\/tattini.dotstage.net\/fr\/wp-json\/wp\/v2\/product\/20760\/revisions"}],"wp:featuredmedia":[{"embeddable":true,"href":"https:\/\/tattini.dotstage.net\/fr\/wp-json\/wp\/v2\/media\/17620"}],"wp:attachment":[{"href":"https:\/\/tattini.dotstage.net\/fr\/wp-json\/wp\/v2\/media?parent=20760"}],"wp:term":[{"taxonomy":"product_cat","embeddable":true,"href":"https:\/\/tattini.dotstage.net\/fr\/wp-json\/wp\/v2\/product_cat?post=20760"},{"taxonomy":"product_tag","embeddable":true,"href":"https:\/\/tattini.dotstage.net\/fr\/wp-json\/wp\/v2\/product_tag?post=20760"}],"curies":[{"name":"wp","href":"https:\/\/api.w.org\/{rel}","templated":true}]}}