{"id":20757,"date":"2023-10-31T10:45:14","date_gmt":"2023-10-31T10:45:14","guid":{"rendered":"https:\/\/tattini.dotstage.net\/prodotto\/whipstock-5\/"},"modified":"2024-02-02T16:34:32","modified_gmt":"2024-02-02T16:34:32","slug":"cravache-7","status":"publish","type":"product","link":"https:\/\/tattini.dotstage.net\/fr\/produit\/cravache-7\/","title":{"rendered":"Cravache"},"content":{"rendered":"","protected":false},"excerpt":{"rendered":"<p>anglaise, \u00e2me en fibre de verre, poign\u00e9e antid\u00e9rapante, gain\u00e9e nylon tress\u00e9, claquette ouverte.<\/p>\n","protected":false},"featured_media":17704,"template":"","meta":[],"product_cat":[837,828],"product_tag":[],"_links":{"self":[{"href":"https:\/\/tattini.dotstage.net\/fr\/wp-json\/wp\/v2\/product\/20757"}],"collection":[{"href":"https:\/\/tattini.dotstage.net\/fr\/wp-json\/wp\/v2\/product"}],"about":[{"href":"https:\/\/tattini.dotstage.net\/fr\/wp-json\/wp\/v2\/types\/product"}],"version-history":[{"count":0,"href":"https:\/\/tattini.dotstage.net\/fr\/wp-json\/wp\/v2\/product\/20757\/revisions"}],"wp:featuredmedia":[{"embeddable":true,"href":"https:\/\/tattini.dotstage.net\/fr\/wp-json\/wp\/v2\/media\/17704"}],"wp:attachment":[{"href":"https:\/\/tattini.dotstage.net\/fr\/wp-json\/wp\/v2\/media?parent=20757"}],"wp:term":[{"taxonomy":"product_cat","embeddable":true,"href":"https:\/\/tattini.dotstage.net\/fr\/wp-json\/wp\/v2\/product_cat?post=20757"},{"taxonomy":"product_tag","embeddable":true,"href":"https:\/\/tattini.dotstage.net\/fr\/wp-json\/wp\/v2\/product_tag?post=20757"}],"curies":[{"name":"wp","href":"https:\/\/api.w.org\/{rel}","templated":true}]}}