{"id":20748,"date":"2023-10-31T10:45:42","date_gmt":"2023-10-31T10:45:42","guid":{"rendered":"https:\/\/tattini.dotstage.net\/prodotto\/nouvelles-chaps-en-cuir-brillant-tattini\/"},"modified":"2024-02-02T16:34:26","modified_gmt":"2024-02-02T16:34:26","slug":"mini-chaps-tattini-en-cuir-cire","status":"publish","type":"product","link":"https:\/\/tattini.dotstage.net\/fr\/produit\/mini-chaps-tattini-en-cuir-cire\/","title":{"rendered":"Mini-chaps Tattini en cuir cir\u00e9"},"content":{"rendered":"","protected":false},"excerpt":{"rendered":"<p>Nouveau cuir de qualit\u00e9 sup\u00e9rieure &#8211; Nouveau soufflet \u00e9lastique de haute qualit\u00e9 sur la bande lat\u00e9rale &#8211; Am\u00e9lioration de l&rsquo;adherence &#8211; Nouvelle glissi\u00e8re YKK en nylon \u00e0 vue avec &#8211; fermeture du haut vers le bas. <\/p>\n<p><img src='http:\/\/www.tattini.it\/immagini\/misure_gambali_fr.jpg' \/><\/p>\n","protected":false},"featured_media":17857,"template":"","meta":[],"product_cat":[828,840],"product_tag":[],"_links":{"self":[{"href":"https:\/\/tattini.dotstage.net\/fr\/wp-json\/wp\/v2\/product\/20748"}],"collection":[{"href":"https:\/\/tattini.dotstage.net\/fr\/wp-json\/wp\/v2\/product"}],"about":[{"href":"https:\/\/tattini.dotstage.net\/fr\/wp-json\/wp\/v2\/types\/product"}],"version-history":[{"count":0,"href":"https:\/\/tattini.dotstage.net\/fr\/wp-json\/wp\/v2\/product\/20748\/revisions"}],"wp:featuredmedia":[{"embeddable":true,"href":"https:\/\/tattini.dotstage.net\/fr\/wp-json\/wp\/v2\/media\/17857"}],"wp:attachment":[{"href":"https:\/\/tattini.dotstage.net\/fr\/wp-json\/wp\/v2\/media?parent=20748"}],"wp:term":[{"taxonomy":"product_cat","embeddable":true,"href":"https:\/\/tattini.dotstage.net\/fr\/wp-json\/wp\/v2\/product_cat?post=20748"},{"taxonomy":"product_tag","embeddable":true,"href":"https:\/\/tattini.dotstage.net\/fr\/wp-json\/wp\/v2\/product_tag?post=20748"}],"curies":[{"name":"wp","href":"https:\/\/api.w.org\/{rel}","templated":true}]}}