{"id":20729,"date":"2023-10-31T10:45:14","date_gmt":"2023-10-31T10:45:14","guid":{"rendered":"https:\/\/tattini.dotstage.net\/prodotto\/whipstock-4\/"},"modified":"2024-02-02T16:34:32","modified_gmt":"2024-02-02T16:34:32","slug":"cravache-6","status":"publish","type":"product","link":"https:\/\/tattini.dotstage.net\/fr\/produit\/cravache-6\/","title":{"rendered":"Cravache"},"content":{"rendered":"","protected":false},"excerpt":{"rendered":"<p>anglaise, poign\u00e9e cuir avec strass, gain\u00e9e nylon tress\u00e9, claquette ouverte.<\/p>\n","protected":false},"featured_media":17701,"template":"","meta":[],"product_cat":[837,828],"product_tag":[],"_links":{"self":[{"href":"https:\/\/tattini.dotstage.net\/fr\/wp-json\/wp\/v2\/product\/20729"}],"collection":[{"href":"https:\/\/tattini.dotstage.net\/fr\/wp-json\/wp\/v2\/product"}],"about":[{"href":"https:\/\/tattini.dotstage.net\/fr\/wp-json\/wp\/v2\/types\/product"}],"version-history":[{"count":0,"href":"https:\/\/tattini.dotstage.net\/fr\/wp-json\/wp\/v2\/product\/20729\/revisions"}],"wp:featuredmedia":[{"embeddable":true,"href":"https:\/\/tattini.dotstage.net\/fr\/wp-json\/wp\/v2\/media\/17701"}],"wp:attachment":[{"href":"https:\/\/tattini.dotstage.net\/fr\/wp-json\/wp\/v2\/media?parent=20729"}],"wp:term":[{"taxonomy":"product_cat","embeddable":true,"href":"https:\/\/tattini.dotstage.net\/fr\/wp-json\/wp\/v2\/product_cat?post=20729"},{"taxonomy":"product_tag","embeddable":true,"href":"https:\/\/tattini.dotstage.net\/fr\/wp-json\/wp\/v2\/product_tag?post=20729"}],"curies":[{"name":"wp","href":"https:\/\/api.w.org\/{rel}","templated":true}]}}