{"id":20713,"date":"2023-10-31T10:45:01","date_gmt":"2023-10-31T10:45:01","guid":{"rendered":"https:\/\/tattini.dotstage.net\/prodotto\/joint-de-bande-40-mm\/"},"modified":"2024-02-02T16:34:55","modified_gmt":"2024-02-02T16:34:55","slug":"boucle-de-jonction-pour-ruban-40-mm","status":"publish","type":"product","link":"https:\/\/tattini.dotstage.net\/fr\/produit\/boucle-de-jonction-pour-ruban-40-mm\/","title":{"rendered":"Boucle de jonction pour ruban (40 mm)"},"content":{"rendered":"","protected":false},"excerpt":{"rendered":"<p>Boucle de jonction pour ruban 40 mm de largeur. Lot de 10 pi\u00e8ces. Prix d&rsquo;achat \u00e0 l&rsquo;unit\u00e9, minimum de cde 10 pi\u00e8ces<\/p>\n","protected":false},"featured_media":17632,"template":"","meta":[],"product_cat":[804,930],"product_tag":[],"_links":{"self":[{"href":"https:\/\/tattini.dotstage.net\/fr\/wp-json\/wp\/v2\/product\/20713"}],"collection":[{"href":"https:\/\/tattini.dotstage.net\/fr\/wp-json\/wp\/v2\/product"}],"about":[{"href":"https:\/\/tattini.dotstage.net\/fr\/wp-json\/wp\/v2\/types\/product"}],"version-history":[{"count":0,"href":"https:\/\/tattini.dotstage.net\/fr\/wp-json\/wp\/v2\/product\/20713\/revisions"}],"wp:featuredmedia":[{"embeddable":true,"href":"https:\/\/tattini.dotstage.net\/fr\/wp-json\/wp\/v2\/media\/17632"}],"wp:attachment":[{"href":"https:\/\/tattini.dotstage.net\/fr\/wp-json\/wp\/v2\/media?parent=20713"}],"wp:term":[{"taxonomy":"product_cat","embeddable":true,"href":"https:\/\/tattini.dotstage.net\/fr\/wp-json\/wp\/v2\/product_cat?post=20713"},{"taxonomy":"product_tag","embeddable":true,"href":"https:\/\/tattini.dotstage.net\/fr\/wp-json\/wp\/v2\/product_tag?post=20713"}],"curies":[{"name":"wp","href":"https:\/\/api.w.org\/{rel}","templated":true}]}}