{"id":20709,"date":"2023-10-31T10:45:15","date_gmt":"2023-10-31T10:45:15","guid":{"rendered":"https:\/\/tattini.dotstage.net\/prodotto\/whipstock-3\/"},"modified":"2024-02-02T16:34:31","modified_gmt":"2024-02-02T16:34:31","slug":"cravache-5","status":"publish","type":"product","link":"https:\/\/tattini.dotstage.net\/fr\/produit\/cravache-5\/","title":{"rendered":"Cravache"},"content":{"rendered":"","protected":false},"excerpt":{"rendered":"<p>anglaise, poign\u00e9e antid\u00e9rapante, gaine brillante en spirale bicolore, claquette brillante ferm\u00e9e.<\/p>\n","protected":false},"featured_media":17710,"template":"","meta":[],"product_cat":[837,828],"product_tag":[],"_links":{"self":[{"href":"https:\/\/tattini.dotstage.net\/fr\/wp-json\/wp\/v2\/product\/20709"}],"collection":[{"href":"https:\/\/tattini.dotstage.net\/fr\/wp-json\/wp\/v2\/product"}],"about":[{"href":"https:\/\/tattini.dotstage.net\/fr\/wp-json\/wp\/v2\/types\/product"}],"version-history":[{"count":0,"href":"https:\/\/tattini.dotstage.net\/fr\/wp-json\/wp\/v2\/product\/20709\/revisions"}],"wp:featuredmedia":[{"embeddable":true,"href":"https:\/\/tattini.dotstage.net\/fr\/wp-json\/wp\/v2\/media\/17710"}],"wp:attachment":[{"href":"https:\/\/tattini.dotstage.net\/fr\/wp-json\/wp\/v2\/media?parent=20709"}],"wp:term":[{"taxonomy":"product_cat","embeddable":true,"href":"https:\/\/tattini.dotstage.net\/fr\/wp-json\/wp\/v2\/product_cat?post=20709"},{"taxonomy":"product_tag","embeddable":true,"href":"https:\/\/tattini.dotstage.net\/fr\/wp-json\/wp\/v2\/product_tag?post=20709"}],"curies":[{"name":"wp","href":"https:\/\/api.w.org\/{rel}","templated":true}]}}