{"id":20689,"date":"2023-10-31T10:45:29","date_gmt":"2023-10-31T10:45:29","guid":{"rendered":"https:\/\/tattini.dotstage.net\/prodotto\/eperons-occidentaux-6\/"},"modified":"2024-02-02T16:34:29","modified_gmt":"2024-02-02T16:34:29","slug":"eperons-western-6","status":"publish","type":"product","link":"https:\/\/tattini.dotstage.net\/fr\/produit\/eperons-western-6\/","title":{"rendered":"\u00c9perons western"},"content":{"rendered":"","protected":false},"excerpt":{"rendered":"<p>De reining, en m\u00e9tal noir satin\u00e9, d\u00e9corations \u00e0 fleurs en German Silver. Hauteur de branche 1-1\/4\u201d et molette 10 pointes.<\/p>\n","protected":false},"featured_media":17791,"template":"","meta":[],"product_cat":[852,924,828,903],"product_tag":[],"_links":{"self":[{"href":"https:\/\/tattini.dotstage.net\/fr\/wp-json\/wp\/v2\/product\/20689"}],"collection":[{"href":"https:\/\/tattini.dotstage.net\/fr\/wp-json\/wp\/v2\/product"}],"about":[{"href":"https:\/\/tattini.dotstage.net\/fr\/wp-json\/wp\/v2\/types\/product"}],"version-history":[{"count":0,"href":"https:\/\/tattini.dotstage.net\/fr\/wp-json\/wp\/v2\/product\/20689\/revisions"}],"wp:featuredmedia":[{"embeddable":true,"href":"https:\/\/tattini.dotstage.net\/fr\/wp-json\/wp\/v2\/media\/17791"}],"wp:attachment":[{"href":"https:\/\/tattini.dotstage.net\/fr\/wp-json\/wp\/v2\/media?parent=20689"}],"wp:term":[{"taxonomy":"product_cat","embeddable":true,"href":"https:\/\/tattini.dotstage.net\/fr\/wp-json\/wp\/v2\/product_cat?post=20689"},{"taxonomy":"product_tag","embeddable":true,"href":"https:\/\/tattini.dotstage.net\/fr\/wp-json\/wp\/v2\/product_tag?post=20689"}],"curies":[{"name":"wp","href":"https:\/\/api.w.org\/{rel}","templated":true}]}}