{"id":20670,"date":"2023-10-31T10:45:16","date_gmt":"2023-10-31T10:45:16","guid":{"rendered":"https:\/\/tattini.dotstage.net\/prodotto\/fouet-daslo-8\/"},"modified":"2024-02-02T16:34:31","modified_gmt":"2024-02-02T16:34:31","slug":"cravache-daslo-6","status":"publish","type":"product","link":"https:\/\/tattini.dotstage.net\/fr\/produit\/cravache-daslo-6\/","title":{"rendered":"Cravache Dasl\u00f6"},"content":{"rendered":"","protected":false},"excerpt":{"rendered":"<p>Gain\u00e9 mati\u00e8re synth\u00e9tique, dragonne, poign\u00e9e mousse antid\u00e9rapante tr\u00e8s souple.<\/p>\n","protected":false},"featured_media":17713,"template":"","meta":[],"product_cat":[837,828],"product_tag":[],"_links":{"self":[{"href":"https:\/\/tattini.dotstage.net\/fr\/wp-json\/wp\/v2\/product\/20670"}],"collection":[{"href":"https:\/\/tattini.dotstage.net\/fr\/wp-json\/wp\/v2\/product"}],"about":[{"href":"https:\/\/tattini.dotstage.net\/fr\/wp-json\/wp\/v2\/types\/product"}],"version-history":[{"count":0,"href":"https:\/\/tattini.dotstage.net\/fr\/wp-json\/wp\/v2\/product\/20670\/revisions"}],"wp:featuredmedia":[{"embeddable":true,"href":"https:\/\/tattini.dotstage.net\/fr\/wp-json\/wp\/v2\/media\/17713"}],"wp:attachment":[{"href":"https:\/\/tattini.dotstage.net\/fr\/wp-json\/wp\/v2\/media?parent=20670"}],"wp:term":[{"taxonomy":"product_cat","embeddable":true,"href":"https:\/\/tattini.dotstage.net\/fr\/wp-json\/wp\/v2\/product_cat?post=20670"},{"taxonomy":"product_tag","embeddable":true,"href":"https:\/\/tattini.dotstage.net\/fr\/wp-json\/wp\/v2\/product_tag?post=20670"}],"curies":[{"name":"wp","href":"https:\/\/api.w.org\/{rel}","templated":true}]}}