{"id":20651,"date":"2023-10-31T10:45:02","date_gmt":"2023-10-31T10:45:02","guid":{"rendered":"https:\/\/tattini.dotstage.net\/prodotto\/connecteur-2\/"},"modified":"2024-02-02T16:34:54","modified_gmt":"2024-02-02T16:34:54","slug":"boucle-de-jonction","status":"publish","type":"product","link":"https:\/\/tattini.dotstage.net\/fr\/produit\/boucle-de-jonction\/","title":{"rendered":"Boucle de jonction"},"content":{"rendered":"","protected":false},"excerpt":{"rendered":"<p>Pour cordon de 6 mm. Lot de 5 pi\u00e8ces. Prix d&rsquo;achat \u00e0 l&rsquo;unit\u00e9, minimum de cde 5 pi\u00e8ces<\/p>\n","protected":false},"featured_media":17635,"template":"","meta":[],"product_cat":[804,930],"product_tag":[],"_links":{"self":[{"href":"https:\/\/tattini.dotstage.net\/fr\/wp-json\/wp\/v2\/product\/20651"}],"collection":[{"href":"https:\/\/tattini.dotstage.net\/fr\/wp-json\/wp\/v2\/product"}],"about":[{"href":"https:\/\/tattini.dotstage.net\/fr\/wp-json\/wp\/v2\/types\/product"}],"version-history":[{"count":0,"href":"https:\/\/tattini.dotstage.net\/fr\/wp-json\/wp\/v2\/product\/20651\/revisions"}],"wp:featuredmedia":[{"embeddable":true,"href":"https:\/\/tattini.dotstage.net\/fr\/wp-json\/wp\/v2\/media\/17635"}],"wp:attachment":[{"href":"https:\/\/tattini.dotstage.net\/fr\/wp-json\/wp\/v2\/media?parent=20651"}],"wp:term":[{"taxonomy":"product_cat","embeddable":true,"href":"https:\/\/tattini.dotstage.net\/fr\/wp-json\/wp\/v2\/product_cat?post=20651"},{"taxonomy":"product_tag","embeddable":true,"href":"https:\/\/tattini.dotstage.net\/fr\/wp-json\/wp\/v2\/product_tag?post=20651"}],"curies":[{"name":"wp","href":"https:\/\/api.w.org\/{rel}","templated":true}]}}