{"id":20646,"date":"2023-10-31T10:45:17","date_gmt":"2023-10-31T10:45:17","guid":{"rendered":"https:\/\/tattini.dotstage.net\/prodotto\/cravache-de-dressage-daslo\/"},"modified":"2024-02-02T16:34:31","modified_gmt":"2024-02-02T16:34:31","slug":"cravache-daslo-dressage","status":"publish","type":"product","link":"https:\/\/tattini.dotstage.net\/fr\/produit\/cravache-daslo-dressage\/","title":{"rendered":"Cravache Daslo dressage"},"content":{"rendered":"","protected":false},"excerpt":{"rendered":"<p>Corps en fibre de verre, rev\u00eatement PU, poign\u00e9e en mat\u00e9riau technique et pommeau en m\u00e9tal chrom\u00e9.<\/p>\n","protected":false},"featured_media":17719,"template":"","meta":[],"product_cat":[837,828],"product_tag":[],"_links":{"self":[{"href":"https:\/\/tattini.dotstage.net\/fr\/wp-json\/wp\/v2\/product\/20646"}],"collection":[{"href":"https:\/\/tattini.dotstage.net\/fr\/wp-json\/wp\/v2\/product"}],"about":[{"href":"https:\/\/tattini.dotstage.net\/fr\/wp-json\/wp\/v2\/types\/product"}],"version-history":[{"count":0,"href":"https:\/\/tattini.dotstage.net\/fr\/wp-json\/wp\/v2\/product\/20646\/revisions"}],"wp:featuredmedia":[{"embeddable":true,"href":"https:\/\/tattini.dotstage.net\/fr\/wp-json\/wp\/v2\/media\/17719"}],"wp:attachment":[{"href":"https:\/\/tattini.dotstage.net\/fr\/wp-json\/wp\/v2\/media?parent=20646"}],"wp:term":[{"taxonomy":"product_cat","embeddable":true,"href":"https:\/\/tattini.dotstage.net\/fr\/wp-json\/wp\/v2\/product_cat?post=20646"},{"taxonomy":"product_tag","embeddable":true,"href":"https:\/\/tattini.dotstage.net\/fr\/wp-json\/wp\/v2\/product_tag?post=20646"}],"curies":[{"name":"wp","href":"https:\/\/api.w.org\/{rel}","templated":true}]}}