{"id":20605,"date":"2023-10-31T10:45:31","date_gmt":"2023-10-31T10:45:31","guid":{"rendered":"https:\/\/tattini.dotstage.net\/prodotto\/eperons-occidentaux-3\/"},"modified":"2024-02-02T16:34:29","modified_gmt":"2024-02-02T16:34:29","slug":"eperons-western-3","status":"publish","type":"product","link":"https:\/\/tattini.dotstage.net\/fr\/produit\/eperons-western-3\/","title":{"rendered":"\u00c9perons western"},"content":{"rendered":"","protected":false},"excerpt":{"rendered":"<p>En acier inox lisse avec bords d\u00e9cor\u00e9s.<\/p>\n","protected":false},"featured_media":17803,"template":"","meta":[],"product_cat":[852,924,828,903],"product_tag":[],"_links":{"self":[{"href":"https:\/\/tattini.dotstage.net\/fr\/wp-json\/wp\/v2\/product\/20605"}],"collection":[{"href":"https:\/\/tattini.dotstage.net\/fr\/wp-json\/wp\/v2\/product"}],"about":[{"href":"https:\/\/tattini.dotstage.net\/fr\/wp-json\/wp\/v2\/types\/product"}],"version-history":[{"count":0,"href":"https:\/\/tattini.dotstage.net\/fr\/wp-json\/wp\/v2\/product\/20605\/revisions"}],"wp:featuredmedia":[{"embeddable":true,"href":"https:\/\/tattini.dotstage.net\/fr\/wp-json\/wp\/v2\/media\/17803"}],"wp:attachment":[{"href":"https:\/\/tattini.dotstage.net\/fr\/wp-json\/wp\/v2\/media?parent=20605"}],"wp:term":[{"taxonomy":"product_cat","embeddable":true,"href":"https:\/\/tattini.dotstage.net\/fr\/wp-json\/wp\/v2\/product_cat?post=20605"},{"taxonomy":"product_tag","embeddable":true,"href":"https:\/\/tattini.dotstage.net\/fr\/wp-json\/wp\/v2\/product_tag?post=20605"}],"curies":[{"name":"wp","href":"https:\/\/api.w.org\/{rel}","templated":true}]}}