{"id":20589,"date":"2023-10-31T10:45:03","date_gmt":"2023-10-31T10:45:03","guid":{"rendered":"https:\/\/tattini.dotstage.net\/prodotto\/cle\/"},"modified":"2024-02-02T16:34:54","modified_gmt":"2024-02-02T16:34:54","slug":"cle","status":"publish","type":"product","link":"https:\/\/tattini.dotstage.net\/fr\/produit\/cle\/","title":{"rendered":"Cl\u00e9"},"content":{"rendered":"","protected":false},"excerpt":{"rendered":"<p>Pour visser les isolateurs tires-fonds avec la drille. Prix d&rsquo;achat \u00e0 l&rsquo;unit\u00e9, minimum de cde 10 pi\u00e8ces<\/p>\n","protected":false},"featured_media":17641,"template":"","meta":[],"product_cat":[804,930],"product_tag":[],"_links":{"self":[{"href":"https:\/\/tattini.dotstage.net\/fr\/wp-json\/wp\/v2\/product\/20589"}],"collection":[{"href":"https:\/\/tattini.dotstage.net\/fr\/wp-json\/wp\/v2\/product"}],"about":[{"href":"https:\/\/tattini.dotstage.net\/fr\/wp-json\/wp\/v2\/types\/product"}],"version-history":[{"count":0,"href":"https:\/\/tattini.dotstage.net\/fr\/wp-json\/wp\/v2\/product\/20589\/revisions"}],"wp:featuredmedia":[{"embeddable":true,"href":"https:\/\/tattini.dotstage.net\/fr\/wp-json\/wp\/v2\/media\/17641"}],"wp:attachment":[{"href":"https:\/\/tattini.dotstage.net\/fr\/wp-json\/wp\/v2\/media?parent=20589"}],"wp:term":[{"taxonomy":"product_cat","embeddable":true,"href":"https:\/\/tattini.dotstage.net\/fr\/wp-json\/wp\/v2\/product_cat?post=20589"},{"taxonomy":"product_tag","embeddable":true,"href":"https:\/\/tattini.dotstage.net\/fr\/wp-json\/wp\/v2\/product_tag?post=20589"}],"curies":[{"name":"wp","href":"https:\/\/api.w.org\/{rel}","templated":true}]}}