{"id":20583,"date":"2023-10-31T10:45:31","date_gmt":"2023-10-31T10:45:31","guid":{"rendered":"https:\/\/tattini.dotstage.net\/prodotto\/eperons-occidentaux-2\/"},"modified":"2024-02-02T16:34:28","modified_gmt":"2024-02-02T16:34:28","slug":"eperons-western-2","status":"publish","type":"product","link":"https:\/\/tattini.dotstage.net\/fr\/produit\/eperons-western-2\/","title":{"rendered":"\u00c9perons western"},"content":{"rendered":"","protected":false},"excerpt":{"rendered":"<p>En m\u00e9tal canon de fusil incis\u00e9s German Silver, petite mollette. Attaches de courroies amovibles pour passants.<\/p>\n","protected":false},"featured_media":17800,"template":"","meta":[],"product_cat":[852,924,828,903],"product_tag":[],"_links":{"self":[{"href":"https:\/\/tattini.dotstage.net\/fr\/wp-json\/wp\/v2\/product\/20583"}],"collection":[{"href":"https:\/\/tattini.dotstage.net\/fr\/wp-json\/wp\/v2\/product"}],"about":[{"href":"https:\/\/tattini.dotstage.net\/fr\/wp-json\/wp\/v2\/types\/product"}],"version-history":[{"count":0,"href":"https:\/\/tattini.dotstage.net\/fr\/wp-json\/wp\/v2\/product\/20583\/revisions"}],"wp:featuredmedia":[{"embeddable":true,"href":"https:\/\/tattini.dotstage.net\/fr\/wp-json\/wp\/v2\/media\/17800"}],"wp:attachment":[{"href":"https:\/\/tattini.dotstage.net\/fr\/wp-json\/wp\/v2\/media?parent=20583"}],"wp:term":[{"taxonomy":"product_cat","embeddable":true,"href":"https:\/\/tattini.dotstage.net\/fr\/wp-json\/wp\/v2\/product_cat?post=20583"},{"taxonomy":"product_tag","embeddable":true,"href":"https:\/\/tattini.dotstage.net\/fr\/wp-json\/wp\/v2\/product_tag?post=20583"}],"curies":[{"name":"wp","href":"https:\/\/api.w.org\/{rel}","templated":true}]}}