{"id":20558,"date":"2023-10-31T10:45:19","date_gmt":"2023-10-31T10:45:19","guid":{"rendered":"https:\/\/tattini.dotstage.net\/prodotto\/fouet-daslo-5\/"},"modified":"2024-02-02T16:34:31","modified_gmt":"2024-02-02T16:34:31","slug":"cravache-daslo-4","status":"publish","type":"product","link":"https:\/\/tattini.dotstage.net\/fr\/produit\/cravache-daslo-4\/","title":{"rendered":"Cravache Dasl\u00f6"},"content":{"rendered":"","protected":false},"excerpt":{"rendered":"<p>Avec poign\u00e9e en caoutchouc anti-d\u00e9rapant, claquette en cuir, corps en fibre de verre. Couleur: poign\u00e9e, corps et claquette noirs (10) &#8211; poign\u00e9e noire, corps bleu, claquette noire (14) &#8211; poign\u00e9e noire, corps et claquette marrons (04)<\/p>\n","protected":false},"featured_media":17725,"template":"","meta":[],"product_cat":[837,828],"product_tag":[],"_links":{"self":[{"href":"https:\/\/tattini.dotstage.net\/fr\/wp-json\/wp\/v2\/product\/20558"}],"collection":[{"href":"https:\/\/tattini.dotstage.net\/fr\/wp-json\/wp\/v2\/product"}],"about":[{"href":"https:\/\/tattini.dotstage.net\/fr\/wp-json\/wp\/v2\/types\/product"}],"version-history":[{"count":0,"href":"https:\/\/tattini.dotstage.net\/fr\/wp-json\/wp\/v2\/product\/20558\/revisions"}],"wp:featuredmedia":[{"embeddable":true,"href":"https:\/\/tattini.dotstage.net\/fr\/wp-json\/wp\/v2\/media\/17725"}],"wp:attachment":[{"href":"https:\/\/tattini.dotstage.net\/fr\/wp-json\/wp\/v2\/media?parent=20558"}],"wp:term":[{"taxonomy":"product_cat","embeddable":true,"href":"https:\/\/tattini.dotstage.net\/fr\/wp-json\/wp\/v2\/product_cat?post=20558"},{"taxonomy":"product_tag","embeddable":true,"href":"https:\/\/tattini.dotstage.net\/fr\/wp-json\/wp\/v2\/product_tag?post=20558"}],"curies":[{"name":"wp","href":"https:\/\/api.w.org\/{rel}","templated":true}]}}