{"id":20515,"date":"2023-10-31T10:45:05","date_gmt":"2023-10-31T10:45:05","guid":{"rendered":"https:\/\/tattini.dotstage.net\/prodotto\/electrificateur-daslo-gold-1-j\/"},"modified":"2024-02-02T16:34:54","modified_gmt":"2024-02-02T16:34:54","slug":"cloture-electrique-daslo-gold-1-j","status":"publish","type":"product","link":"https:\/\/tattini.dotstage.net\/fr\/produit\/cloture-electrique-daslo-gold-1-j\/","title":{"rendered":"Cl\u00f4ture \u00e9lectrique Dasl\u00f6 gold 1 j"},"content":{"rendered":"","protected":false},"excerpt":{"rendered":"<p>Alimentation 220V, d\u00e9charge sur la ligne 1 joules. Fourni avec pancarte de signalisation, piquet de terre et fil de connexion.<\/p>\n","protected":false},"featured_media":17653,"template":"","meta":[],"product_cat":[804,930],"product_tag":[],"_links":{"self":[{"href":"https:\/\/tattini.dotstage.net\/fr\/wp-json\/wp\/v2\/product\/20515"}],"collection":[{"href":"https:\/\/tattini.dotstage.net\/fr\/wp-json\/wp\/v2\/product"}],"about":[{"href":"https:\/\/tattini.dotstage.net\/fr\/wp-json\/wp\/v2\/types\/product"}],"version-history":[{"count":0,"href":"https:\/\/tattini.dotstage.net\/fr\/wp-json\/wp\/v2\/product\/20515\/revisions"}],"wp:featuredmedia":[{"embeddable":true,"href":"https:\/\/tattini.dotstage.net\/fr\/wp-json\/wp\/v2\/media\/17653"}],"wp:attachment":[{"href":"https:\/\/tattini.dotstage.net\/fr\/wp-json\/wp\/v2\/media?parent=20515"}],"wp:term":[{"taxonomy":"product_cat","embeddable":true,"href":"https:\/\/tattini.dotstage.net\/fr\/wp-json\/wp\/v2\/product_cat?post=20515"},{"taxonomy":"product_tag","embeddable":true,"href":"https:\/\/tattini.dotstage.net\/fr\/wp-json\/wp\/v2\/product_tag?post=20515"}],"curies":[{"name":"wp","href":"https:\/\/api.w.org\/{rel}","templated":true}]}}