{"id":20483,"date":"2023-10-31T10:45:06","date_gmt":"2023-10-31T10:45:06","guid":{"rendered":"https:\/\/tattini.dotstage.net\/prodotto\/isolateur-de-bande\/"},"modified":"2024-02-02T16:34:54","modified_gmt":"2024-02-02T16:34:54","slug":"isolateur-pour-cable-2","status":"publish","type":"product","link":"https:\/\/tattini.dotstage.net\/fr\/produit\/isolateur-pour-cable-2\/","title":{"rendered":"Isolateur pour cable"},"content":{"rendered":"","protected":false},"excerpt":{"rendered":"<p>ISOLATEUR POUR CABLE Prix d&rsquo;achat \u00e0 l&rsquo;unit\u00e9, minimum de cde 25 pi\u00e8ces<\/p>\n","protected":false},"featured_media":17662,"template":"","meta":[],"product_cat":[804,930],"product_tag":[],"_links":{"self":[{"href":"https:\/\/tattini.dotstage.net\/fr\/wp-json\/wp\/v2\/product\/20483"}],"collection":[{"href":"https:\/\/tattini.dotstage.net\/fr\/wp-json\/wp\/v2\/product"}],"about":[{"href":"https:\/\/tattini.dotstage.net\/fr\/wp-json\/wp\/v2\/types\/product"}],"version-history":[{"count":0,"href":"https:\/\/tattini.dotstage.net\/fr\/wp-json\/wp\/v2\/product\/20483\/revisions"}],"wp:featuredmedia":[{"embeddable":true,"href":"https:\/\/tattini.dotstage.net\/fr\/wp-json\/wp\/v2\/media\/17662"}],"wp:attachment":[{"href":"https:\/\/tattini.dotstage.net\/fr\/wp-json\/wp\/v2\/media?parent=20483"}],"wp:term":[{"taxonomy":"product_cat","embeddable":true,"href":"https:\/\/tattini.dotstage.net\/fr\/wp-json\/wp\/v2\/product_cat?post=20483"},{"taxonomy":"product_tag","embeddable":true,"href":"https:\/\/tattini.dotstage.net\/fr\/wp-json\/wp\/v2\/product_tag?post=20483"}],"curies":[{"name":"wp","href":"https:\/\/api.w.org\/{rel}","templated":true}]}}