{"id":20478,"date":"2023-10-31T10:45:21","date_gmt":"2023-10-31T10:45:21","guid":{"rendered":"https:\/\/tattini.dotstage.net\/prodotto\/fouet-dentrainement-daslo-cm-180\/"},"modified":"2024-02-02T16:34:30","modified_gmt":"2024-02-02T16:34:30","slug":"chambrerie-dentrainement-daslo-cm-180","status":"publish","type":"product","link":"https:\/\/tattini.dotstage.net\/fr\/produit\/chambrerie-dentrainement-daslo-cm-180\/","title":{"rendered":"Chambrerie d\u2019entrainement Dasl\u00f6 (cm 180)"},"content":{"rendered":"","protected":false},"excerpt":{"rendered":"<p>En nylon tress\u00e9 avec poign\u00e9e en mousse.<\/p>\n","protected":false},"featured_media":17740,"template":"","meta":[],"product_cat":[837,828],"product_tag":[],"_links":{"self":[{"href":"https:\/\/tattini.dotstage.net\/fr\/wp-json\/wp\/v2\/product\/20478"}],"collection":[{"href":"https:\/\/tattini.dotstage.net\/fr\/wp-json\/wp\/v2\/product"}],"about":[{"href":"https:\/\/tattini.dotstage.net\/fr\/wp-json\/wp\/v2\/types\/product"}],"version-history":[{"count":0,"href":"https:\/\/tattini.dotstage.net\/fr\/wp-json\/wp\/v2\/product\/20478\/revisions"}],"wp:featuredmedia":[{"embeddable":true,"href":"https:\/\/tattini.dotstage.net\/fr\/wp-json\/wp\/v2\/media\/17740"}],"wp:attachment":[{"href":"https:\/\/tattini.dotstage.net\/fr\/wp-json\/wp\/v2\/media?parent=20478"}],"wp:term":[{"taxonomy":"product_cat","embeddable":true,"href":"https:\/\/tattini.dotstage.net\/fr\/wp-json\/wp\/v2\/product_cat?post=20478"},{"taxonomy":"product_tag","embeddable":true,"href":"https:\/\/tattini.dotstage.net\/fr\/wp-json\/wp\/v2\/product_tag?post=20478"}],"curies":[{"name":"wp","href":"https:\/\/api.w.org\/{rel}","templated":true}]}}