{"id":20442,"date":"2023-10-31T10:45:56","date_gmt":"2023-10-31T10:45:56","guid":{"rendered":"https:\/\/tattini.dotstage.net\/prodotto\/protection-dorsale-niveau-1-enfant\/"},"modified":"2024-02-02T16:34:25","modified_gmt":"2024-02-02T16:34:25","slug":"protege-dos-niveau-1-fille-et-garcon","status":"publish","type":"product","link":"https:\/\/tattini.dotstage.net\/fr\/produit\/protege-dos-niveau-1-fille-et-garcon\/","title":{"rendered":"Prot\u00e8ge-dos niveau 1 fille et gar\u00e7on"},"content":{"rendered":"","protected":false},"excerpt":{"rendered":"<p>Homologu\u00e9 CE, protection, s\u00e9curit\u00e9, l\u00e9g\u00e8ret\u00e9, flexibilit\u00e9 et confort garantis.<\/p>\n","protected":false},"featured_media":17929,"template":"","meta":[],"product_cat":[828,849],"product_tag":[],"_links":{"self":[{"href":"https:\/\/tattini.dotstage.net\/fr\/wp-json\/wp\/v2\/product\/20442"}],"collection":[{"href":"https:\/\/tattini.dotstage.net\/fr\/wp-json\/wp\/v2\/product"}],"about":[{"href":"https:\/\/tattini.dotstage.net\/fr\/wp-json\/wp\/v2\/types\/product"}],"version-history":[{"count":0,"href":"https:\/\/tattini.dotstage.net\/fr\/wp-json\/wp\/v2\/product\/20442\/revisions"}],"wp:featuredmedia":[{"embeddable":true,"href":"https:\/\/tattini.dotstage.net\/fr\/wp-json\/wp\/v2\/media\/17929"}],"wp:attachment":[{"href":"https:\/\/tattini.dotstage.net\/fr\/wp-json\/wp\/v2\/media?parent=20442"}],"wp:term":[{"taxonomy":"product_cat","embeddable":true,"href":"https:\/\/tattini.dotstage.net\/fr\/wp-json\/wp\/v2\/product_cat?post=20442"},{"taxonomy":"product_tag","embeddable":true,"href":"https:\/\/tattini.dotstage.net\/fr\/wp-json\/wp\/v2\/product_tag?post=20442"}],"curies":[{"name":"wp","href":"https:\/\/api.w.org\/{rel}","templated":true}]}}