{"id":20409,"date":"2023-10-31T10:45:57","date_gmt":"2023-10-31T10:45:57","guid":{"rendered":"https:\/\/tattini.dotstage.net\/prodotto\/protection-dorsale-niveau-1-adulte\/"},"modified":"2024-02-02T16:34:24","modified_gmt":"2024-02-02T16:34:24","slug":"protege-dos-niveau-1-adulte","status":"publish","type":"product","link":"https:\/\/tattini.dotstage.net\/fr\/produit\/protege-dos-niveau-1-adulte\/","title":{"rendered":"Prot\u00e8ge-dos niveau 1 adulte"},"content":{"rendered":"","protected":false},"excerpt":{"rendered":"<p>Homologu\u00e9 CE, protection, s\u00e9curit\u00e9, l\u00e9g\u00e8ret\u00e9, flexibilit\u00e9 et confort garantis.<\/p>\n","protected":false},"featured_media":17932,"template":"","meta":[],"product_cat":[828,849],"product_tag":[],"_links":{"self":[{"href":"https:\/\/tattini.dotstage.net\/fr\/wp-json\/wp\/v2\/product\/20409"}],"collection":[{"href":"https:\/\/tattini.dotstage.net\/fr\/wp-json\/wp\/v2\/product"}],"about":[{"href":"https:\/\/tattini.dotstage.net\/fr\/wp-json\/wp\/v2\/types\/product"}],"version-history":[{"count":0,"href":"https:\/\/tattini.dotstage.net\/fr\/wp-json\/wp\/v2\/product\/20409\/revisions"}],"wp:featuredmedia":[{"embeddable":true,"href":"https:\/\/tattini.dotstage.net\/fr\/wp-json\/wp\/v2\/media\/17932"}],"wp:attachment":[{"href":"https:\/\/tattini.dotstage.net\/fr\/wp-json\/wp\/v2\/media?parent=20409"}],"wp:term":[{"taxonomy":"product_cat","embeddable":true,"href":"https:\/\/tattini.dotstage.net\/fr\/wp-json\/wp\/v2\/product_cat?post=20409"},{"taxonomy":"product_tag","embeddable":true,"href":"https:\/\/tattini.dotstage.net\/fr\/wp-json\/wp\/v2\/product_tag?post=20409"}],"curies":[{"name":"wp","href":"https:\/\/api.w.org\/{rel}","templated":true}]}}