{"id":20383,"date":"2023-10-31T10:45:58","date_gmt":"2023-10-31T10:45:58","guid":{"rendered":"https:\/\/tattini.dotstage.net\/prodotto\/corset-de-protection-pour-enfant-tattini-avec-fermeture-eclair\/"},"modified":"2024-02-02T16:34:24","modified_gmt":"2024-02-02T16:34:24","slug":"gilet-de-protection-zippe-tattini-fille-et-garcon","status":"publish","type":"product","link":"https:\/\/tattini.dotstage.net\/fr\/produit\/gilet-de-protection-zippe-tattini-fille-et-garcon\/","title":{"rendered":"Gilet de protection zipp\u00e9 Tattini fille et gar\u00e7on"},"content":{"rendered":"","protected":false},"excerpt":{"rendered":"<p>Fermeture \u00e0 glissi\u00e8re avant sous rabat de protection et ceinture \u00e9lastique r\u00e9glable par fermeture \u00e0 d\u00e9clenchement rapide, exceptionnellement flexible et l\u00e9ger. Recouvert en nylon r\u00e9sistant et filet, doublure 82% nylon, 18% spandex. Rembourr\u00e9 en mousse galb\u00e9e avec structure en panneaux. Parfaite vestibilit\u00e9 gr\u00e2ce au r\u00e9glage par velcro sur les \u00e9paules et \u00e0 la taille. Homologation CE EN 13158-2018 Beta 3.<\/p>\n<p><img src='http:\/\/www.tattini.it\/immagini\/bustino_kid.jpg' \/><\/p>\n","protected":false},"featured_media":17938,"template":"","meta":[],"product_cat":[828,849],"product_tag":[],"_links":{"self":[{"href":"https:\/\/tattini.dotstage.net\/fr\/wp-json\/wp\/v2\/product\/20383"}],"collection":[{"href":"https:\/\/tattini.dotstage.net\/fr\/wp-json\/wp\/v2\/product"}],"about":[{"href":"https:\/\/tattini.dotstage.net\/fr\/wp-json\/wp\/v2\/types\/product"}],"version-history":[{"count":0,"href":"https:\/\/tattini.dotstage.net\/fr\/wp-json\/wp\/v2\/product\/20383\/revisions"}],"wp:featuredmedia":[{"embeddable":true,"href":"https:\/\/tattini.dotstage.net\/fr\/wp-json\/wp\/v2\/media\/17938"}],"wp:attachment":[{"href":"https:\/\/tattini.dotstage.net\/fr\/wp-json\/wp\/v2\/media?parent=20383"}],"wp:term":[{"taxonomy":"product_cat","embeddable":true,"href":"https:\/\/tattini.dotstage.net\/fr\/wp-json\/wp\/v2\/product_cat?post=20383"},{"taxonomy":"product_tag","embeddable":true,"href":"https:\/\/tattini.dotstage.net\/fr\/wp-json\/wp\/v2\/product_tag?post=20383"}],"curies":[{"name":"wp","href":"https:\/\/api.w.org\/{rel}","templated":true}]}}