{"id":20340,"date":"2023-10-31T10:45:09","date_gmt":"2023-10-31T10:45:09","guid":{"rendered":"https:\/\/tattini.dotstage.net\/prodotto\/isolateur-a-visser\/"},"modified":"2024-02-02T16:34:32","modified_gmt":"2024-02-02T16:34:32","slug":"isolateur-pour-cable-a-visser","status":"publish","type":"product","link":"https:\/\/tattini.dotstage.net\/fr\/produit\/isolateur-pour-cable-a-visser\/","title":{"rendered":"Isolateur pour cable a visser"},"content":{"rendered":"","protected":false},"excerpt":{"rendered":"<p>ISOLATEUR POUR CABLE A VISSER. Prix d&rsquo;achat \u00e0 l&rsquo;unit\u00e9, minimum de cde 25 pi\u00e8ces<\/p>\n","protected":false},"featured_media":17677,"template":"","meta":[],"product_cat":[804,930],"product_tag":[],"_links":{"self":[{"href":"https:\/\/tattini.dotstage.net\/fr\/wp-json\/wp\/v2\/product\/20340"}],"collection":[{"href":"https:\/\/tattini.dotstage.net\/fr\/wp-json\/wp\/v2\/product"}],"about":[{"href":"https:\/\/tattini.dotstage.net\/fr\/wp-json\/wp\/v2\/types\/product"}],"version-history":[{"count":0,"href":"https:\/\/tattini.dotstage.net\/fr\/wp-json\/wp\/v2\/product\/20340\/revisions"}],"wp:featuredmedia":[{"embeddable":true,"href":"https:\/\/tattini.dotstage.net\/fr\/wp-json\/wp\/v2\/media\/17677"}],"wp:attachment":[{"href":"https:\/\/tattini.dotstage.net\/fr\/wp-json\/wp\/v2\/media?parent=20340"}],"wp:term":[{"taxonomy":"product_cat","embeddable":true,"href":"https:\/\/tattini.dotstage.net\/fr\/wp-json\/wp\/v2\/product_cat?post=20340"},{"taxonomy":"product_tag","embeddable":true,"href":"https:\/\/tattini.dotstage.net\/fr\/wp-json\/wp\/v2\/product_tag?post=20340"}],"curies":[{"name":"wp","href":"https:\/\/api.w.org\/{rel}","templated":true}]}}