{"id":20287,"date":"2023-10-31T10:45:37","date_gmt":"2023-10-31T10:45:37","guid":{"rendered":"https:\/\/tattini.dotstage.net\/prodotto\/leggings-en-cuir-pour-adultes-daslo\/"},"modified":"2024-02-02T16:34:27","modified_gmt":"2024-02-02T16:34:27","slug":"mini-chaps-daslo-adulte-cuir","status":"publish","type":"product","link":"https:\/\/tattini.dotstage.net\/fr\/produit\/mini-chaps-daslo-adulte-cuir\/","title":{"rendered":"Mini-chaps Dasl\u00f6 adulte cuir"},"content":{"rendered":"","protected":false},"excerpt":{"rendered":"<p>En cuir, fermeture \u00e0 glissi\u00e8re et soufflets \u00e9lastiques lat\u00e9raux pour une parfaite adh\u00e9rence \u00e0 la jambe.<\/p>\n","protected":false},"featured_media":17833,"template":"","meta":[],"product_cat":[828,840],"product_tag":[],"_links":{"self":[{"href":"https:\/\/tattini.dotstage.net\/fr\/wp-json\/wp\/v2\/product\/20287"}],"collection":[{"href":"https:\/\/tattini.dotstage.net\/fr\/wp-json\/wp\/v2\/product"}],"about":[{"href":"https:\/\/tattini.dotstage.net\/fr\/wp-json\/wp\/v2\/types\/product"}],"version-history":[{"count":0,"href":"https:\/\/tattini.dotstage.net\/fr\/wp-json\/wp\/v2\/product\/20287\/revisions"}],"wp:featuredmedia":[{"embeddable":true,"href":"https:\/\/tattini.dotstage.net\/fr\/wp-json\/wp\/v2\/media\/17833"}],"wp:attachment":[{"href":"https:\/\/tattini.dotstage.net\/fr\/wp-json\/wp\/v2\/media?parent=20287"}],"wp:term":[{"taxonomy":"product_cat","embeddable":true,"href":"https:\/\/tattini.dotstage.net\/fr\/wp-json\/wp\/v2\/product_cat?post=20287"},{"taxonomy":"product_tag","embeddable":true,"href":"https:\/\/tattini.dotstage.net\/fr\/wp-json\/wp\/v2\/product_tag?post=20287"}],"curies":[{"name":"wp","href":"https:\/\/api.w.org\/{rel}","templated":true}]}}