{"id":20244,"date":"2023-10-31T10:45:10","date_gmt":"2023-10-31T10:45:10","guid":{"rendered":"https:\/\/tattini.dotstage.net\/prodotto\/tendeur-de-fil\/"},"modified":"2024-02-02T16:34:32","modified_gmt":"2024-02-02T16:34:32","slug":"tendeur-de-fil-zingue","status":"publish","type":"product","link":"https:\/\/tattini.dotstage.net\/fr\/produit\/tendeur-de-fil-zingue\/","title":{"rendered":"Tendeur de fil zingue"},"content":{"rendered":"","protected":false},"excerpt":{"rendered":"<p>En m\u00e9tal, pour faciliter le montage et le tirage du fil galvanis\u00e9. \u00c0 utiliser avec la cl\u00e9 appropri\u00e9e<\/p>\n","protected":false},"featured_media":17680,"template":"","meta":[],"product_cat":[804,930],"product_tag":[],"_links":{"self":[{"href":"https:\/\/tattini.dotstage.net\/fr\/wp-json\/wp\/v2\/product\/20244"}],"collection":[{"href":"https:\/\/tattini.dotstage.net\/fr\/wp-json\/wp\/v2\/product"}],"about":[{"href":"https:\/\/tattini.dotstage.net\/fr\/wp-json\/wp\/v2\/types\/product"}],"version-history":[{"count":0,"href":"https:\/\/tattini.dotstage.net\/fr\/wp-json\/wp\/v2\/product\/20244\/revisions"}],"wp:featuredmedia":[{"embeddable":true,"href":"https:\/\/tattini.dotstage.net\/fr\/wp-json\/wp\/v2\/media\/17680"}],"wp:attachment":[{"href":"https:\/\/tattini.dotstage.net\/fr\/wp-json\/wp\/v2\/media?parent=20244"}],"wp:term":[{"taxonomy":"product_cat","embeddable":true,"href":"https:\/\/tattini.dotstage.net\/fr\/wp-json\/wp\/v2\/product_cat?post=20244"},{"taxonomy":"product_tag","embeddable":true,"href":"https:\/\/tattini.dotstage.net\/fr\/wp-json\/wp\/v2\/product_tag?post=20244"}],"curies":[{"name":"wp","href":"https:\/\/api.w.org\/{rel}","templated":true}]}}