{"id":20176,"date":"2023-10-31T10:45:38","date_gmt":"2023-10-31T10:45:38","guid":{"rendered":"https:\/\/tattini.dotstage.net\/prodotto\/leggings-daslo-en-bitter-baby\/"},"modified":"2024-02-02T16:34:27","modified_gmt":"2024-02-02T16:34:27","slug":"mini-chaps-daslo-amara-enfant","status":"publish","type":"product","link":"https:\/\/tattini.dotstage.net\/fr\/produit\/mini-chaps-daslo-amara-enfant\/","title":{"rendered":"Mini-chaps Dasl\u00f6 amara enfant"},"content":{"rendered":"","protected":false},"excerpt":{"rendered":"<p>En mati\u00e8re souple fa\u00e7on su\u00e9dine Amara, fermeture \u00e0 glissi\u00e8re YKK et soufflets \u00e9lastiques contrast\u00e9s. D\u00e9licieuse broderie petit cheval.<\/p>\n","protected":false},"featured_media":17836,"template":"","meta":[],"product_cat":[828,840],"product_tag":[],"_links":{"self":[{"href":"https:\/\/tattini.dotstage.net\/fr\/wp-json\/wp\/v2\/product\/20176"}],"collection":[{"href":"https:\/\/tattini.dotstage.net\/fr\/wp-json\/wp\/v2\/product"}],"about":[{"href":"https:\/\/tattini.dotstage.net\/fr\/wp-json\/wp\/v2\/types\/product"}],"version-history":[{"count":0,"href":"https:\/\/tattini.dotstage.net\/fr\/wp-json\/wp\/v2\/product\/20176\/revisions"}],"wp:featuredmedia":[{"embeddable":true,"href":"https:\/\/tattini.dotstage.net\/fr\/wp-json\/wp\/v2\/media\/17836"}],"wp:attachment":[{"href":"https:\/\/tattini.dotstage.net\/fr\/wp-json\/wp\/v2\/media?parent=20176"}],"wp:term":[{"taxonomy":"product_cat","embeddable":true,"href":"https:\/\/tattini.dotstage.net\/fr\/wp-json\/wp\/v2\/product_cat?post=20176"},{"taxonomy":"product_tag","embeddable":true,"href":"https:\/\/tattini.dotstage.net\/fr\/wp-json\/wp\/v2\/product_tag?post=20176"}],"curies":[{"name":"wp","href":"https:\/\/api.w.org\/{rel}","templated":true}]}}