{"id":20171,"date":"2023-10-31T10:46:01","date_gmt":"2023-10-31T10:46:01","guid":{"rendered":"https:\/\/tattini.dotstage.net\/prodotto\/gilet-dorsal-tattini-adulte\/"},"modified":"2024-02-02T16:34:24","modified_gmt":"2024-02-02T16:34:24","slug":"gilet-de-protection-rembourre-enfant","status":"publish","type":"product","link":"https:\/\/tattini.dotstage.net\/fr\/produit\/gilet-de-protection-rembourre-enfant\/","title":{"rendered":"GILET DE PROTECTION REMBOURRE ENFANT"},"content":{"rendered":"","protected":false},"excerpt":{"rendered":"<p>GILET TATTINI DE PROTECTION AVEC REMBOURRAGE INT\u00c9GRAL NIVEAU 2 Respirant et extensible sur les c\u00f4t\u00e9s et les \u00e9paules, il est \u00e9quip\u00e9 de rembourrages diff\u00e9renci\u00e9s pour prot\u00e9ger tout le buste, d\u2019une fermeture zipp\u00e9e avant et d\u2019un r\u00e9glage scratch \u00e0 la taille. R\u00e9alis\u00e9 en polyester et \u00e9lasthanne, il est rembourr\u00e9 de mousse de nitrile et de PVC multicouche, pour assurer une excellente protection du dos tout en restant flexible et l\u00e9ger et en garantissant une totale libert\u00e9 de mouvement. Homologu\u00e9 EN1621 Niveau 2.<\/p>\n","protected":false},"featured_media":17950,"template":"","meta":[],"product_cat":[828,849],"product_tag":[],"_links":{"self":[{"href":"https:\/\/tattini.dotstage.net\/fr\/wp-json\/wp\/v2\/product\/20171"}],"collection":[{"href":"https:\/\/tattini.dotstage.net\/fr\/wp-json\/wp\/v2\/product"}],"about":[{"href":"https:\/\/tattini.dotstage.net\/fr\/wp-json\/wp\/v2\/types\/product"}],"version-history":[{"count":0,"href":"https:\/\/tattini.dotstage.net\/fr\/wp-json\/wp\/v2\/product\/20171\/revisions"}],"wp:featuredmedia":[{"embeddable":true,"href":"https:\/\/tattini.dotstage.net\/fr\/wp-json\/wp\/v2\/media\/17950"}],"wp:attachment":[{"href":"https:\/\/tattini.dotstage.net\/fr\/wp-json\/wp\/v2\/media?parent=20171"}],"wp:term":[{"taxonomy":"product_cat","embeddable":true,"href":"https:\/\/tattini.dotstage.net\/fr\/wp-json\/wp\/v2\/product_cat?post=20171"},{"taxonomy":"product_tag","embeddable":true,"href":"https:\/\/tattini.dotstage.net\/fr\/wp-json\/wp\/v2\/product_tag?post=20171"}],"curies":[{"name":"wp","href":"https:\/\/api.w.org\/{rel}","templated":true}]}}