{"id":20136,"date":"2023-10-31T10:45:39","date_gmt":"2023-10-31T10:45:39","guid":{"rendered":"https:\/\/tattini.dotstage.net\/prodotto\/leggings-tattini-stretch-hi-tech-sh-hauteur-standard\/"},"modified":"2024-02-02T16:34:27","modified_gmt":"2024-02-02T16:34:27","slug":"mini-chaps-tattini-stretch","status":"publish","type":"product","link":"https:\/\/tattini.dotstage.net\/fr\/produit\/mini-chaps-tattini-stretch\/","title":{"rendered":"Mini-chaps Tattini stretch"},"content":{"rendered":"","protected":false},"excerpt":{"rendered":"<p>Realis\u00e9es en mat\u00e9riel technique bi-stretch de haute qualit\u00e9 , longue dur\u00e9e de vie, imperm\u00e9able \u00e0 l\u2019eau, antid\u00e9rapant, doux et l\u00e9ger. Adh\u00e9rence maximale et vestibilit\u00e9, contact extr\u00eame avec la selle, confort exceptionnel. Fermeture eclaire YKK sur le c\u00f4t\u00e9. Disponible en plusieurs hauteurs et 4 tailles de mollets pour chaque hauteur. Entretien: Nettoyez avec de l\u2019eau et du savon doux.<\/p>\n","protected":false},"featured_media":17842,"template":"","meta":[],"product_cat":[828,840],"product_tag":[],"_links":{"self":[{"href":"https:\/\/tattini.dotstage.net\/fr\/wp-json\/wp\/v2\/product\/20136"}],"collection":[{"href":"https:\/\/tattini.dotstage.net\/fr\/wp-json\/wp\/v2\/product"}],"about":[{"href":"https:\/\/tattini.dotstage.net\/fr\/wp-json\/wp\/v2\/types\/product"}],"version-history":[{"count":0,"href":"https:\/\/tattini.dotstage.net\/fr\/wp-json\/wp\/v2\/product\/20136\/revisions"}],"wp:featuredmedia":[{"embeddable":true,"href":"https:\/\/tattini.dotstage.net\/fr\/wp-json\/wp\/v2\/media\/17842"}],"wp:attachment":[{"href":"https:\/\/tattini.dotstage.net\/fr\/wp-json\/wp\/v2\/media?parent=20136"}],"wp:term":[{"taxonomy":"product_cat","embeddable":true,"href":"https:\/\/tattini.dotstage.net\/fr\/wp-json\/wp\/v2\/product_cat?post=20136"},{"taxonomy":"product_tag","embeddable":true,"href":"https:\/\/tattini.dotstage.net\/fr\/wp-json\/wp\/v2\/product_tag?post=20136"}],"curies":[{"name":"wp","href":"https:\/\/api.w.org\/{rel}","templated":true}]}}