{"id":20065,"date":"2023-10-31T10:45:40","date_gmt":"2023-10-31T10:45:40","guid":{"rendered":"https:\/\/tattini.dotstage.net\/prodotto\/leggings-en-cuir-pour-enfants-daslo\/"},"modified":"2024-02-02T16:34:27","modified_gmt":"2024-02-02T16:34:27","slug":"mini-chaps-daslo-nina-nino-cuir","status":"publish","type":"product","link":"https:\/\/tattini.dotstage.net\/fr\/produit\/mini-chaps-daslo-nina-nino-cuir\/","title":{"rendered":"Mini-chaps Dasl\u00f6 ni\u00f1a\/ni\u00f1o cuir"},"content":{"rendered":"","protected":false},"excerpt":{"rendered":"<p>En cuir, fermeture \u00e0 glissi\u00e8re et soufflets \u00e9lastiques lat\u00e9raux pour une parfaite adh\u00e9rence \u00e0 la jambe.<\/p>\n","protected":false},"featured_media":17848,"template":"","meta":[],"product_cat":[828,840],"product_tag":[],"_links":{"self":[{"href":"https:\/\/tattini.dotstage.net\/fr\/wp-json\/wp\/v2\/product\/20065"}],"collection":[{"href":"https:\/\/tattini.dotstage.net\/fr\/wp-json\/wp\/v2\/product"}],"about":[{"href":"https:\/\/tattini.dotstage.net\/fr\/wp-json\/wp\/v2\/types\/product"}],"version-history":[{"count":0,"href":"https:\/\/tattini.dotstage.net\/fr\/wp-json\/wp\/v2\/product\/20065\/revisions"}],"wp:featuredmedia":[{"embeddable":true,"href":"https:\/\/tattini.dotstage.net\/fr\/wp-json\/wp\/v2\/media\/17848"}],"wp:attachment":[{"href":"https:\/\/tattini.dotstage.net\/fr\/wp-json\/wp\/v2\/media?parent=20065"}],"wp:term":[{"taxonomy":"product_cat","embeddable":true,"href":"https:\/\/tattini.dotstage.net\/fr\/wp-json\/wp\/v2\/product_cat?post=20065"},{"taxonomy":"product_tag","embeddable":true,"href":"https:\/\/tattini.dotstage.net\/fr\/wp-json\/wp\/v2\/product_tag?post=20065"}],"curies":[{"name":"wp","href":"https:\/\/api.w.org\/{rel}","templated":true}]}}