{"id":20043,"date":"2023-10-31T10:40:47","date_gmt":"2023-10-31T10:40:47","guid":{"rendered":"https:\/\/tattini.dotstage.net\/prodotto\/pantalon-homme-tiglio-lime\/"},"modified":"2024-02-02T16:36:53","modified_gmt":"2024-02-02T16:36:53","slug":"pantalon-tattini-homme-tiglio","status":"publish","type":"product","link":"https:\/\/tattini.dotstage.net\/fr\/produit\/pantalon-tattini-homme-tiglio\/","title":{"rendered":"PANTALON TATTINI HOMME TIGLIO"},"content":{"rendered":"","protected":false},"excerpt":{"rendered":"<p>En tissu technique double elastique (nylon 82%, \u00e9lasthanne 18%), 250 gr., \u00e9lastique et d\u00e9perlant. avec les caract\u00e9ristiques suivantes: &#8211; absorption rapide de la sueur &#8211; excellent facteur de protection pour l\u2019ultraviolet UPF 50 &#8211; confort et \u00e9lasticit\u00e9 maximums &#8211; excellent maintien de forme Coupe arri\u00e8re anatomique, poche avant zipp\u00e9e pour le portable, poches arri\u00e8re avec rabats et boutons pression, passant central crois\u00e9, basanes antid\u00e9rapantes en silicone, insert \u00e9lastiqu\u00e9 \u00e0 la cheville.<\/p>\n","protected":false},"featured_media":16336,"template":"","meta":[],"product_cat":[828,846,771],"product_tag":[],"_links":{"self":[{"href":"https:\/\/tattini.dotstage.net\/fr\/wp-json\/wp\/v2\/product\/20043"}],"collection":[{"href":"https:\/\/tattini.dotstage.net\/fr\/wp-json\/wp\/v2\/product"}],"about":[{"href":"https:\/\/tattini.dotstage.net\/fr\/wp-json\/wp\/v2\/types\/product"}],"version-history":[{"count":0,"href":"https:\/\/tattini.dotstage.net\/fr\/wp-json\/wp\/v2\/product\/20043\/revisions"}],"wp:featuredmedia":[{"embeddable":true,"href":"https:\/\/tattini.dotstage.net\/fr\/wp-json\/wp\/v2\/media\/16336"}],"wp:attachment":[{"href":"https:\/\/tattini.dotstage.net\/fr\/wp-json\/wp\/v2\/media?parent=20043"}],"wp:term":[{"taxonomy":"product_cat","embeddable":true,"href":"https:\/\/tattini.dotstage.net\/fr\/wp-json\/wp\/v2\/product_cat?post=20043"},{"taxonomy":"product_tag","embeddable":true,"href":"https:\/\/tattini.dotstage.net\/fr\/wp-json\/wp\/v2\/product_tag?post=20043"}],"curies":[{"name":"wp","href":"https:\/\/api.w.org\/{rel}","templated":true}]}}