{"id":19936,"date":"2023-10-31T10:45:12","date_gmt":"2023-10-31T10:45:12","guid":{"rendered":"https:\/\/tattini.dotstage.net\/prodotto\/fouet-daslo\/"},"modified":"2024-02-02T16:34:32","modified_gmt":"2024-02-02T16:34:32","slug":"cravache-daslo","status":"publish","type":"product","link":"https:\/\/tattini.dotstage.net\/fr\/produit\/cravache-daslo\/","title":{"rendered":"Cravache Dasl\u00f6"},"content":{"rendered":"","protected":false},"excerpt":{"rendered":"<p>Gain\u00e9e nylon tress\u00e9 uni, dragonne tress\u00e9e et poign\u00e9e caoutchouc antid\u00e9rapant en spirale.<\/p>\n","protected":false},"featured_media":17689,"template":"","meta":[],"product_cat":[837,828],"product_tag":[],"_links":{"self":[{"href":"https:\/\/tattini.dotstage.net\/fr\/wp-json\/wp\/v2\/product\/19936"}],"collection":[{"href":"https:\/\/tattini.dotstage.net\/fr\/wp-json\/wp\/v2\/product"}],"about":[{"href":"https:\/\/tattini.dotstage.net\/fr\/wp-json\/wp\/v2\/types\/product"}],"version-history":[{"count":0,"href":"https:\/\/tattini.dotstage.net\/fr\/wp-json\/wp\/v2\/product\/19936\/revisions"}],"wp:featuredmedia":[{"embeddable":true,"href":"https:\/\/tattini.dotstage.net\/fr\/wp-json\/wp\/v2\/media\/17689"}],"wp:attachment":[{"href":"https:\/\/tattini.dotstage.net\/fr\/wp-json\/wp\/v2\/media?parent=19936"}],"wp:term":[{"taxonomy":"product_cat","embeddable":true,"href":"https:\/\/tattini.dotstage.net\/fr\/wp-json\/wp\/v2\/product_cat?post=19936"},{"taxonomy":"product_tag","embeddable":true,"href":"https:\/\/tattini.dotstage.net\/fr\/wp-json\/wp\/v2\/product_tag?post=19936"}],"curies":[{"name":"wp","href":"https:\/\/api.w.org\/{rel}","templated":true}]}}