{"id":19876,"date":"2023-10-31T10:42:51","date_gmt":"2023-10-31T10:42:51","guid":{"rendered":"https:\/\/tattini.dotstage.net\/prodotto\/boots-breton-young-close-contact\/"},"modified":"2024-02-02T16:36:00","modified_gmt":"2024-02-02T16:36:00","slug":"bottes-breton-young-close-contact","status":"publish","type":"product","link":"https:\/\/tattini.dotstage.net\/fr\/produit\/bottes-breton-young-close-contact\/","title":{"rendered":"BOTTES BRETON YOUNG CLOSE CONTACT"},"content":{"rendered":"","protected":false},"excerpt":{"rendered":"<p>En peau de veau grain\u00e9 avec fermeture \u00e9clair arri\u00e8re, lacets \u00e9lastiques avant et avec technologie Close Contact gr\u00e2ce \u00e0 l\u2019insert CloseTEX \u00e0 l\u2019int\u00e9rieur de la tige. Design personnalisable avec bracelets interchangeables. Serrure de curseur optimale avec fermeture \u00e9clair ykk, couvre zip en CloseTEX et arr\u00eat de zip en plexi. Semelle plantaire remodel\u00e9e avec semelle intrercalaire anatomique \u00e9paissie, antibact\u00e9rienne et amovible. Semelle en caoutchouc avec syst\u00e8me de ventilation AirBoost et AntiShock. Empeigne en cuir naturel souple et enveloppant. Bande \u00e9lastique arri\u00e8re pour une adh\u00e9rence parfaite. Doublure en cuir grand teint naturelle. Cou du pied prot\u00e9g\u00e9 et ajustement am\u00e9lior\u00e9 par l&rsquo;insert int\u00e9rne en CloseTEX. Les bottes de la s\u00e9rie Close Contact, gr\u00e2ce \u00e0 la technologie et au design 100% Made in Italy, sont les premi\u00e8res au monde \u00e0 utiliser le CloseTEX (Close Contact Textile), qui garantit un contact maximal avec le cheval, augmentant ainsi les performances des cavali\u00e8res et des cavaliers. L\u2019insert CloseTEX sur le c\u00f4t\u00e9 int\u00e9rieur de la tige donne \u00e0 la botte une r\u00e9sistance \u00e0 l\u2019abrasion et \u00e0 une adh\u00e9rence \u00e9lev\u00e9e et en m\u00eame temps la souplesse et la durabilit\u00e9. Les volumes et les proportions de la semelle et de la tige ont \u00e9t\u00e9 recalcul\u00e9s pour augmenter le confort et optimiser l\u2019ajustement.<\/p>\n","protected":false},"featured_media":16909,"template":"","meta":[],"product_cat":[858,828],"product_tag":[963,951],"_links":{"self":[{"href":"https:\/\/tattini.dotstage.net\/fr\/wp-json\/wp\/v2\/product\/19876"}],"collection":[{"href":"https:\/\/tattini.dotstage.net\/fr\/wp-json\/wp\/v2\/product"}],"about":[{"href":"https:\/\/tattini.dotstage.net\/fr\/wp-json\/wp\/v2\/types\/product"}],"version-history":[{"count":0,"href":"https:\/\/tattini.dotstage.net\/fr\/wp-json\/wp\/v2\/product\/19876\/revisions"}],"wp:featuredmedia":[{"embeddable":true,"href":"https:\/\/tattini.dotstage.net\/fr\/wp-json\/wp\/v2\/media\/16909"}],"wp:attachment":[{"href":"https:\/\/tattini.dotstage.net\/fr\/wp-json\/wp\/v2\/media?parent=19876"}],"wp:term":[{"taxonomy":"product_cat","embeddable":true,"href":"https:\/\/tattini.dotstage.net\/fr\/wp-json\/wp\/v2\/product_cat?post=19876"},{"taxonomy":"product_tag","embeddable":true,"href":"https:\/\/tattini.dotstage.net\/fr\/wp-json\/wp\/v2\/product_tag?post=19876"}],"curies":[{"name":"wp","href":"https:\/\/api.w.org\/{rel}","templated":true}]}}